{"id":336,"date":"2023-03-30T10:55:47","date_gmt":"2023-03-30T10:55:47","guid":{"rendered":"https:\/\/cooperhunter.ma\/?post_type=product&#038;p=336"},"modified":"2023-04-01T11:40:17","modified_gmt":"2023-04-01T11:40:17","slug":"multi-split-inverter-unite-exterieure-36000-btu","status":"publish","type":"product","link":"https:\/\/cooperhunter.ma\/?product=multi-split-inverter-unite-exterieure-36000-btu","title":{"rendered":"Multi-Split INVERTER &#8211; Unit\u00e9 Ext\u00e9rieure &#8211; 36000 BTU"},"content":{"rendered":"<ul>\n<li><span>La plage de fonctionnement du syst\u00e8me est de 50 \u00e0 150 % de la puissance nominale de l&rsquo;unit\u00e9 ext\u00e9rieure.<\/span><\/li>\n<li><span>D\u00e9marrage s\u00fbr dans la plage de 96 V \u00e0 260 V.<\/span><\/li>\n<li><span>Technologie de contr\u00f4le de fr\u00e9quence stable &#8211; fonctionnement fluide et stable \u00e0 des fr\u00e9quences ultra-basses (15 Hz).<\/span><\/li>\n<li><span>Technologie d&rsquo;analyse du bruit &#8211; fonctionnement pratiquement silencieux des unit\u00e9s int\u00e9rieures et ext\u00e9rieures.<\/span><\/li>\n<li><span>Large plage de temp\u00e9rature de fonctionnement efficace : de -20 \u00baC pour le chauffage et jusqu&rsquo;\u00e0 +48 \u00baC pour le refroidissement.<\/span><\/li>\n<li><span>Syst\u00e8me antigivrage automatique de la nouvelle g\u00e9n\u00e9ration Pr\u00e9chauffage Intelligent.\u00a0Contrairement au sch\u00e9ma de d\u00e9givrage \u00ab\u00a0temporis\u00e9\u00a0\u00bb habituel &#8211; une moyenne de 10 minutes de d\u00e9givrage pour 50 minutes de fonctionnement du compresseur, le processus de d\u00e9givrage n&rsquo;est lanc\u00e9 qu&rsquo;en cas de besoin r\u00e9el.\u00a0Cette technologie de pointe r\u00e9duit \u00e9videmment le gaspillage d&rsquo;\u00e9nergie pour les cycles de d\u00e9givrage inutiles.<\/span><\/li>\n<li><span>Classe d&rsquo;efficacit\u00e9 \u00e9nerg\u00e9tique \u00ab\u00a0A\u00a0\u00bb.<\/span><\/li>\n<\/ul>\n","protected":false},"excerpt":{"rendered":"<p>La plage de fonctionnement du syst\u00e8me est de 50 \u00e0 150 % de la puissance nominale de l&rsquo;unit\u00e9 ext\u00e9rieure. D\u00e9marrage s\u00fbr dans la plage de 96 V \u00e0 260 V. Technologie de contr\u00f4le de fr\u00e9quence stable &#8211; fonctionnement fluide et stable \u00e0 des fr\u00e9quences ultra-basses (15 Hz). Technologie d&rsquo;analyse du bruit &#8211; fonctionnement pratiquement silencieux [&hellip;]<\/p>\n","protected":false},"featured_media":381,"comment_status":"open","ping_status":"closed","template":"","meta":[],"product_cat":[30,37],"product_tag":[],"class_list":{"0":"post-336","1":"product","2":"type-product","3":"status-publish","4":"has-post-thumbnail","6":"product_cat-climatiseurs","7":"product_cat-multi-split","9":"first","10":"instock","11":"shipping-taxable","12":"purchasable","13":"product-type-simple"},"yoast_head":"<!-- This site is optimized with the Yoast SEO plugin v20.4 - https:\/\/yoast.com\/wordpress\/plugins\/seo\/ -->\n<title>Multi-Split INVERTER - Unit\u00e9 Ext\u00e9rieure - 36000 BTU - Cooper &amp; Hunter<\/title>\n<meta name=\"robots\" content=\"index, follow, max-snippet:-1, max-image-preview:large, max-video-preview:-1\" \/>\n<link rel=\"canonical\" href=\"https:\/\/cooperhunter.ma\/?product=multi-split-inverter-unite-exterieure-36000-btu\" \/>\n<meta property=\"og:locale\" content=\"fr_FR\" \/>\n<meta property=\"og:type\" content=\"article\" \/>\n<meta property=\"og:title\" content=\"Multi-Split INVERTER - Unit\u00e9 Ext\u00e9rieure - 36000 BTU - Cooper &amp; Hunter\" \/>\n<meta property=\"og:description\" content=\"La plage de fonctionnement du syst\u00e8me est de 50 \u00e0 150 % de la puissance nominale de l&rsquo;unit\u00e9 ext\u00e9rieure. D\u00e9marrage s\u00fbr dans la plage de 96 V \u00e0 260 V. Technologie de contr\u00f4le de fr\u00e9quence stable &#8211; fonctionnement fluide et stable \u00e0 des fr\u00e9quences ultra-basses (15 Hz). Technologie d&rsquo;analyse du bruit &#8211; fonctionnement pratiquement silencieux [&hellip;]\" \/>\n<meta property=\"og:url\" content=\"https:\/\/cooperhunter.ma\/?product=multi-split-inverter-unite-exterieure-36000-btu\" \/>\n<meta property=\"og:site_name\" content=\"Cooper &amp; Hunter\" \/>\n<meta property=\"article:modified_time\" content=\"2023-04-01T11:40:17+00:00\" \/>\n<meta property=\"og:image\" content=\"https:\/\/cooperhunter.ma\/wp-content\/uploads\/2023\/03\/cooperandhunter-u21nk3-1000x1000-1.jpeg\" \/>\n\t<meta property=\"og:image:width\" content=\"1000\" \/>\n\t<meta property=\"og:image:height\" content=\"1000\" \/>\n\t<meta property=\"og:image:type\" content=\"image\/jpeg\" \/>\n<meta name=\"twitter:card\" content=\"summary_large_image\" \/>\n<meta name=\"twitter:label1\" content=\"Dur\u00e9e de lecture estim\u00e9e\" \/>\n\t<meta name=\"twitter:data1\" content=\"1 minute\" \/>\n<script type=\"application\/ld+json\" class=\"yoast-schema-graph\">{\"@context\":\"https:\/\/schema.org\",\"@graph\":[{\"@type\":\"WebPage\",\"@id\":\"https:\/\/cooperhunter.ma\/?product=multi-split-inverter-unite-exterieure-36000-btu\",\"url\":\"https:\/\/cooperhunter.ma\/?product=multi-split-inverter-unite-exterieure-36000-btu\",\"name\":\"Multi-Split INVERTER - Unit\u00e9 Ext\u00e9rieure - 36000 BTU - Cooper &amp; Hunter\",\"isPartOf\":{\"@id\":\"https:\/\/cooperhunter.ma\/#website\"},\"datePublished\":\"2023-03-30T10:55:47+00:00\",\"dateModified\":\"2023-04-01T11:40:17+00:00\",\"breadcrumb\":{\"@id\":\"https:\/\/cooperhunter.ma\/?product=multi-split-inverter-unite-exterieure-36000-btu#breadcrumb\"},\"inLanguage\":\"fr-FR\",\"potentialAction\":[{\"@type\":\"ReadAction\",\"target\":[\"https:\/\/cooperhunter.ma\/?product=multi-split-inverter-unite-exterieure-36000-btu\"]}]},{\"@type\":\"BreadcrumbList\",\"@id\":\"https:\/\/cooperhunter.ma\/?product=multi-split-inverter-unite-exterieure-36000-btu#breadcrumb\",\"itemListElement\":[{\"@type\":\"ListItem\",\"position\":1,\"name\":\"Accueil\",\"item\":\"https:\/\/cooperhunter.ma\/\"},{\"@type\":\"ListItem\",\"position\":2,\"name\":\"Boutique\",\"item\":\"https:\/\/cooperhunter.ma\/?page_id=6\"},{\"@type\":\"ListItem\",\"position\":3,\"name\":\"Multi-Split INVERTER &#8211; Unit\u00e9 Ext\u00e9rieure &#8211; 36000 BTU\"}]},{\"@type\":\"WebSite\",\"@id\":\"https:\/\/cooperhunter.ma\/#website\",\"url\":\"https:\/\/cooperhunter.ma\/\",\"name\":\"Cooper &amp; Hunter\",\"description\":\"Climatisation Maroc\",\"publisher\":{\"@id\":\"https:\/\/cooperhunter.ma\/#organization\"},\"alternateName\":\"C&H - Climatiseurs Maroc\",\"potentialAction\":[{\"@type\":\"SearchAction\",\"target\":{\"@type\":\"EntryPoint\",\"urlTemplate\":\"https:\/\/cooperhunter.ma\/?s={search_term_string}\"},\"query-input\":\"required name=search_term_string\"}],\"inLanguage\":\"fr-FR\"},{\"@type\":\"Organization\",\"@id\":\"https:\/\/cooperhunter.ma\/#organization\",\"name\":\"Cooper & Hunter\",\"alternateName\":\"Cooper & Hunter\",\"url\":\"https:\/\/cooperhunter.ma\/\",\"logo\":{\"@type\":\"ImageObject\",\"inLanguage\":\"fr-FR\",\"@id\":\"https:\/\/cooperhunter.ma\/#\/schema\/logo\/image\/\",\"url\":\"https:\/\/cooperhunter.ma\/wp-content\/uploads\/2023\/03\/cropped-CH-LOGO-Q.png\",\"contentUrl\":\"https:\/\/cooperhunter.ma\/wp-content\/uploads\/2023\/03\/cropped-CH-LOGO-Q.png\",\"width\":1999,\"height\":938,\"caption\":\"Cooper & Hunter\"},\"image\":{\"@id\":\"https:\/\/cooperhunter.ma\/#\/schema\/logo\/image\/\"}}]}<\/script>\n<!-- \/ Yoast SEO plugin. -->","yoast_head_json":{"title":"Multi-Split INVERTER - Unit\u00e9 Ext\u00e9rieure - 36000 BTU - Cooper &amp; Hunter","robots":{"index":"index","follow":"follow","max-snippet":"max-snippet:-1","max-image-preview":"max-image-preview:large","max-video-preview":"max-video-preview:-1"},"canonical":"https:\/\/cooperhunter.ma\/?product=multi-split-inverter-unite-exterieure-36000-btu","og_locale":"fr_FR","og_type":"article","og_title":"Multi-Split INVERTER - Unit\u00e9 Ext\u00e9rieure - 36000 BTU - Cooper &amp; Hunter","og_description":"La plage de fonctionnement du syst\u00e8me est de 50 \u00e0 150 % de la puissance nominale de l&rsquo;unit\u00e9 ext\u00e9rieure. D\u00e9marrage s\u00fbr dans la plage de 96 V \u00e0 260 V. Technologie de contr\u00f4le de fr\u00e9quence stable &#8211; fonctionnement fluide et stable \u00e0 des fr\u00e9quences ultra-basses (15 Hz). Technologie d&rsquo;analyse du bruit &#8211; fonctionnement pratiquement silencieux [&hellip;]","og_url":"https:\/\/cooperhunter.ma\/?product=multi-split-inverter-unite-exterieure-36000-btu","og_site_name":"Cooper &amp; Hunter","article_modified_time":"2023-04-01T11:40:17+00:00","og_image":[{"width":1000,"height":1000,"url":"https:\/\/cooperhunter.ma\/wp-content\/uploads\/2023\/03\/cooperandhunter-u21nk3-1000x1000-1.jpeg","type":"image\/jpeg"}],"twitter_card":"summary_large_image","twitter_misc":{"Dur\u00e9e de lecture estim\u00e9e":"1 minute"},"schema":{"@context":"https:\/\/schema.org","@graph":[{"@type":"WebPage","@id":"https:\/\/cooperhunter.ma\/?product=multi-split-inverter-unite-exterieure-36000-btu","url":"https:\/\/cooperhunter.ma\/?product=multi-split-inverter-unite-exterieure-36000-btu","name":"Multi-Split INVERTER - Unit\u00e9 Ext\u00e9rieure - 36000 BTU - Cooper &amp; Hunter","isPartOf":{"@id":"https:\/\/cooperhunter.ma\/#website"},"datePublished":"2023-03-30T10:55:47+00:00","dateModified":"2023-04-01T11:40:17+00:00","breadcrumb":{"@id":"https:\/\/cooperhunter.ma\/?product=multi-split-inverter-unite-exterieure-36000-btu#breadcrumb"},"inLanguage":"fr-FR","potentialAction":[{"@type":"ReadAction","target":["https:\/\/cooperhunter.ma\/?product=multi-split-inverter-unite-exterieure-36000-btu"]}]},{"@type":"BreadcrumbList","@id":"https:\/\/cooperhunter.ma\/?product=multi-split-inverter-unite-exterieure-36000-btu#breadcrumb","itemListElement":[{"@type":"ListItem","position":1,"name":"Accueil","item":"https:\/\/cooperhunter.ma\/"},{"@type":"ListItem","position":2,"name":"Boutique","item":"https:\/\/cooperhunter.ma\/?page_id=6"},{"@type":"ListItem","position":3,"name":"Multi-Split INVERTER &#8211; Unit\u00e9 Ext\u00e9rieure &#8211; 36000 BTU"}]},{"@type":"WebSite","@id":"https:\/\/cooperhunter.ma\/#website","url":"https:\/\/cooperhunter.ma\/","name":"Cooper &amp; Hunter","description":"Climatisation Maroc","publisher":{"@id":"https:\/\/cooperhunter.ma\/#organization"},"alternateName":"C&H - Climatiseurs Maroc","potentialAction":[{"@type":"SearchAction","target":{"@type":"EntryPoint","urlTemplate":"https:\/\/cooperhunter.ma\/?s={search_term_string}"},"query-input":"required name=search_term_string"}],"inLanguage":"fr-FR"},{"@type":"Organization","@id":"https:\/\/cooperhunter.ma\/#organization","name":"Cooper & Hunter","alternateName":"Cooper & Hunter","url":"https:\/\/cooperhunter.ma\/","logo":{"@type":"ImageObject","inLanguage":"fr-FR","@id":"https:\/\/cooperhunter.ma\/#\/schema\/logo\/image\/","url":"https:\/\/cooperhunter.ma\/wp-content\/uploads\/2023\/03\/cropped-CH-LOGO-Q.png","contentUrl":"https:\/\/cooperhunter.ma\/wp-content\/uploads\/2023\/03\/cropped-CH-LOGO-Q.png","width":1999,"height":938,"caption":"Cooper & Hunter"},"image":{"@id":"https:\/\/cooperhunter.ma\/#\/schema\/logo\/image\/"}}]}},"_links":{"self":[{"href":"https:\/\/cooperhunter.ma\/index.php?rest_route=\/wp\/v2\/product\/336","targetHints":{"allow":["GET"]}}],"collection":[{"href":"https:\/\/cooperhunter.ma\/index.php?rest_route=\/wp\/v2\/product"}],"about":[{"href":"https:\/\/cooperhunter.ma\/index.php?rest_route=\/wp\/v2\/types\/product"}],"replies":[{"embeddable":true,"href":"https:\/\/cooperhunter.ma\/index.php?rest_route=%2Fwp%2Fv2%2Fcomments&post=336"}],"wp:featuredmedia":[{"embeddable":true,"href":"https:\/\/cooperhunter.ma\/index.php?rest_route=\/wp\/v2\/media\/381"}],"wp:attachment":[{"href":"https:\/\/cooperhunter.ma\/index.php?rest_route=%2Fwp%2Fv2%2Fmedia&parent=336"}],"wp:term":[{"taxonomy":"product_cat","embeddable":true,"href":"https:\/\/cooperhunter.ma\/index.php?rest_route=%2Fwp%2Fv2%2Fproduct_cat&post=336"},{"taxonomy":"product_tag","embeddable":true,"href":"https:\/\/cooperhunter.ma\/index.php?rest_route=%2Fwp%2Fv2%2Fproduct_tag&post=336"}],"curies":[{"name":"wp","href":"https:\/\/api.w.org\/{rel}","templated":true}]}}