{"id":325,"date":"2023-03-30T10:40:33","date_gmt":"2023-03-30T10:40:33","guid":{"rendered":"https:\/\/cooperhunter.ma\/?post_type=product&#038;p=325"},"modified":"2023-04-01T11:30:08","modified_gmt":"2023-04-01T11:30:08","slug":"multi-split-inverter-unite-exterieure","status":"publish","type":"product","link":"https:\/\/cooperhunter.ma\/?product=multi-split-inverter-unite-exterieure","title":{"rendered":"Multi-Split INVERTER &#8211; Unit\u00e9 Ext\u00e9rieure"},"content":{"rendered":"<ul>\n<li><span>Il est possible de connecter\u00a0<\/span><strong><span>de deux \u00e0 trois<\/span><\/strong><span>\u00a0unit\u00e9s int\u00e9rieures.<\/span><\/li>\n<li><span>La plage de fonctionnement du syst\u00e8me est de 50 \u00e0 150 % de la puissance nominale de l&rsquo;unit\u00e9 ext\u00e9rieure.<\/span><\/li>\n<li><strong><em><span>D\u00e9marrage et fonctionnement s\u00fbrs dans la plage de 96 V \u00e0 260 V.<\/span><\/em><\/strong><\/li>\n<li><span>Technologie\u00a0<\/span><strong><span>de contr\u00f4le de fr\u00e9quence stable<\/span><\/strong><span> &#8211; fonctionnement fluide et stable \u00e0 des fr\u00e9quences ultra-basses (15 Hz).<\/span><\/li>\n<li><strong><span>Technologie d&rsquo;analyse du bruit<\/span><\/strong><span> &#8211; fonctionnement pratiquement silencieux des unit\u00e9s int\u00e9rieures et ext\u00e9rieures.<\/span><\/li>\n<li><span>Large plage de temp\u00e9rature de fonctionnement efficace : de -15 \u00baC pour le chauffage et jusqu&rsquo;\u00e0 +48 \u00baC pour le refroidissement.<\/span><\/li>\n<li><strong><span>Syst\u00e8me antigivrage automatique<\/span><\/strong><span>\u00a0nouvelle g\u00e9n\u00e9ration\u00a0<\/span><em><span>Pr\u00e9chauffage Intelligent<\/span><\/em><span>\u00a0.\u00a0Contrairement au sch\u00e9ma de d\u00e9givrage \u00ab\u00a0temporis\u00e9\u00a0\u00bb habituel &#8211; une moyenne de 10 minutes de d\u00e9givrage pour 50 minutes de fonctionnement du compresseur, le processus de d\u00e9givrage ne d\u00e9marre qu&rsquo;en cas de besoin r\u00e9el.\u00a0Cette technologie de pointe r\u00e9duit \u00e9videmment le gaspillage d&rsquo;\u00e9nergie pour les cycles de d\u00e9givrage inutiles.<\/span><\/li>\n<li><strong><span>Classe d&rsquo;efficacit\u00e9 \u00e9nerg\u00e9tique \u00ab\u00a0A\u00a0\u00bb.<\/span><\/strong><\/li>\n<\/ul>\n","protected":false},"excerpt":{"rendered":"<p>Il est possible de connecter\u00a0de deux \u00e0 trois\u00a0unit\u00e9s int\u00e9rieures. La plage de fonctionnement du syst\u00e8me est de 50 \u00e0 150 % de la puissance nominale de l&rsquo;unit\u00e9 ext\u00e9rieure. D\u00e9marrage et fonctionnement s\u00fbrs dans la plage de 96 V \u00e0 260 V. Technologie\u00a0de contr\u00f4le de fr\u00e9quence stable &#8211; fonctionnement fluide et stable \u00e0 des fr\u00e9quences ultra-basses [&hellip;]<\/p>\n","protected":false},"featured_media":379,"comment_status":"open","ping_status":"closed","template":"","meta":[],"product_cat":[30,37],"product_tag":[],"class_list":{"0":"post-325","1":"product","2":"type-product","3":"status-publish","4":"has-post-thumbnail","6":"product_cat-climatiseurs","7":"product_cat-multi-split","9":"first","10":"instock","11":"shipping-taxable","12":"purchasable","13":"product-type-variable"},"yoast_head":"<!-- This site is optimized with the Yoast SEO plugin v20.4 - https:\/\/yoast.com\/wordpress\/plugins\/seo\/ -->\n<title>Multi-Split INVERTER - Unit\u00e9 Ext\u00e9rieure - Cooper &amp; Hunter<\/title>\n<meta name=\"robots\" content=\"index, follow, max-snippet:-1, max-image-preview:large, max-video-preview:-1\" \/>\n<link rel=\"canonical\" href=\"https:\/\/cooperhunter.ma\/?product=multi-split-inverter-unite-exterieure\" \/>\n<meta property=\"og:locale\" content=\"fr_FR\" \/>\n<meta property=\"og:type\" content=\"article\" \/>\n<meta property=\"og:title\" content=\"Multi-Split INVERTER - Unit\u00e9 Ext\u00e9rieure - Cooper &amp; Hunter\" \/>\n<meta property=\"og:description\" content=\"Il est possible de connecter\u00a0de deux \u00e0 trois\u00a0unit\u00e9s int\u00e9rieures. La plage de fonctionnement du syst\u00e8me est de 50 \u00e0 150 % de la puissance nominale de l&rsquo;unit\u00e9 ext\u00e9rieure. D\u00e9marrage et fonctionnement s\u00fbrs dans la plage de 96 V \u00e0 260 V. Technologie\u00a0de contr\u00f4le de fr\u00e9quence stable &#8211; fonctionnement fluide et stable \u00e0 des fr\u00e9quences ultra-basses [&hellip;]\" \/>\n<meta property=\"og:url\" content=\"https:\/\/cooperhunter.ma\/?product=multi-split-inverter-unite-exterieure\" \/>\n<meta property=\"og:site_name\" content=\"Cooper &amp; Hunter\" \/>\n<meta property=\"article:modified_time\" content=\"2023-04-01T11:30:08+00:00\" \/>\n<meta property=\"og:image\" content=\"https:\/\/cooperhunter.ma\/wp-content\/uploads\/2023\/03\/1.jpeg\" \/>\n\t<meta property=\"og:image:width\" content=\"700\" \/>\n\t<meta property=\"og:image:height\" content=\"700\" \/>\n\t<meta property=\"og:image:type\" content=\"image\/jpeg\" \/>\n<meta name=\"twitter:card\" content=\"summary_large_image\" \/>\n<meta name=\"twitter:label1\" content=\"Dur\u00e9e de lecture estim\u00e9e\" \/>\n\t<meta name=\"twitter:data1\" content=\"1 minute\" \/>\n<script type=\"application\/ld+json\" class=\"yoast-schema-graph\">{\"@context\":\"https:\/\/schema.org\",\"@graph\":[{\"@type\":\"WebPage\",\"@id\":\"https:\/\/cooperhunter.ma\/?product=multi-split-inverter-unite-exterieure\",\"url\":\"https:\/\/cooperhunter.ma\/?product=multi-split-inverter-unite-exterieure\",\"name\":\"Multi-Split INVERTER - Unit\u00e9 Ext\u00e9rieure - Cooper &amp; Hunter\",\"isPartOf\":{\"@id\":\"https:\/\/cooperhunter.ma\/#website\"},\"datePublished\":\"2023-03-30T10:40:33+00:00\",\"dateModified\":\"2023-04-01T11:30:08+00:00\",\"breadcrumb\":{\"@id\":\"https:\/\/cooperhunter.ma\/?product=multi-split-inverter-unite-exterieure#breadcrumb\"},\"inLanguage\":\"fr-FR\",\"potentialAction\":[{\"@type\":\"ReadAction\",\"target\":[\"https:\/\/cooperhunter.ma\/?product=multi-split-inverter-unite-exterieure\"]}]},{\"@type\":\"BreadcrumbList\",\"@id\":\"https:\/\/cooperhunter.ma\/?product=multi-split-inverter-unite-exterieure#breadcrumb\",\"itemListElement\":[{\"@type\":\"ListItem\",\"position\":1,\"name\":\"Accueil\",\"item\":\"https:\/\/cooperhunter.ma\/\"},{\"@type\":\"ListItem\",\"position\":2,\"name\":\"Boutique\",\"item\":\"https:\/\/cooperhunter.ma\/?page_id=6\"},{\"@type\":\"ListItem\",\"position\":3,\"name\":\"Multi-Split INVERTER &#8211; Unit\u00e9 Ext\u00e9rieure\"}]},{\"@type\":\"WebSite\",\"@id\":\"https:\/\/cooperhunter.ma\/#website\",\"url\":\"https:\/\/cooperhunter.ma\/\",\"name\":\"Cooper &amp; Hunter\",\"description\":\"Climatisation Maroc\",\"publisher\":{\"@id\":\"https:\/\/cooperhunter.ma\/#organization\"},\"alternateName\":\"C&H - Climatiseurs Maroc\",\"potentialAction\":[{\"@type\":\"SearchAction\",\"target\":{\"@type\":\"EntryPoint\",\"urlTemplate\":\"https:\/\/cooperhunter.ma\/?s={search_term_string}\"},\"query-input\":\"required name=search_term_string\"}],\"inLanguage\":\"fr-FR\"},{\"@type\":\"Organization\",\"@id\":\"https:\/\/cooperhunter.ma\/#organization\",\"name\":\"Cooper & Hunter\",\"alternateName\":\"Cooper & Hunter\",\"url\":\"https:\/\/cooperhunter.ma\/\",\"logo\":{\"@type\":\"ImageObject\",\"inLanguage\":\"fr-FR\",\"@id\":\"https:\/\/cooperhunter.ma\/#\/schema\/logo\/image\/\",\"url\":\"https:\/\/cooperhunter.ma\/wp-content\/uploads\/2023\/03\/cropped-CH-LOGO-Q.png\",\"contentUrl\":\"https:\/\/cooperhunter.ma\/wp-content\/uploads\/2023\/03\/cropped-CH-LOGO-Q.png\",\"width\":1999,\"height\":938,\"caption\":\"Cooper & Hunter\"},\"image\":{\"@id\":\"https:\/\/cooperhunter.ma\/#\/schema\/logo\/image\/\"}}]}<\/script>\n<!-- \/ Yoast SEO plugin. -->","yoast_head_json":{"title":"Multi-Split INVERTER - Unit\u00e9 Ext\u00e9rieure - Cooper &amp; Hunter","robots":{"index":"index","follow":"follow","max-snippet":"max-snippet:-1","max-image-preview":"max-image-preview:large","max-video-preview":"max-video-preview:-1"},"canonical":"https:\/\/cooperhunter.ma\/?product=multi-split-inverter-unite-exterieure","og_locale":"fr_FR","og_type":"article","og_title":"Multi-Split INVERTER - Unit\u00e9 Ext\u00e9rieure - Cooper &amp; Hunter","og_description":"Il est possible de connecter\u00a0de deux \u00e0 trois\u00a0unit\u00e9s int\u00e9rieures. La plage de fonctionnement du syst\u00e8me est de 50 \u00e0 150 % de la puissance nominale de l&rsquo;unit\u00e9 ext\u00e9rieure. D\u00e9marrage et fonctionnement s\u00fbrs dans la plage de 96 V \u00e0 260 V. Technologie\u00a0de contr\u00f4le de fr\u00e9quence stable &#8211; fonctionnement fluide et stable \u00e0 des fr\u00e9quences ultra-basses [&hellip;]","og_url":"https:\/\/cooperhunter.ma\/?product=multi-split-inverter-unite-exterieure","og_site_name":"Cooper &amp; Hunter","article_modified_time":"2023-04-01T11:30:08+00:00","og_image":[{"width":700,"height":700,"url":"https:\/\/cooperhunter.ma\/wp-content\/uploads\/2023\/03\/1.jpeg","type":"image\/jpeg"}],"twitter_card":"summary_large_image","twitter_misc":{"Dur\u00e9e de lecture estim\u00e9e":"1 minute"},"schema":{"@context":"https:\/\/schema.org","@graph":[{"@type":"WebPage","@id":"https:\/\/cooperhunter.ma\/?product=multi-split-inverter-unite-exterieure","url":"https:\/\/cooperhunter.ma\/?product=multi-split-inverter-unite-exterieure","name":"Multi-Split INVERTER - Unit\u00e9 Ext\u00e9rieure - Cooper &amp; Hunter","isPartOf":{"@id":"https:\/\/cooperhunter.ma\/#website"},"datePublished":"2023-03-30T10:40:33+00:00","dateModified":"2023-04-01T11:30:08+00:00","breadcrumb":{"@id":"https:\/\/cooperhunter.ma\/?product=multi-split-inverter-unite-exterieure#breadcrumb"},"inLanguage":"fr-FR","potentialAction":[{"@type":"ReadAction","target":["https:\/\/cooperhunter.ma\/?product=multi-split-inverter-unite-exterieure"]}]},{"@type":"BreadcrumbList","@id":"https:\/\/cooperhunter.ma\/?product=multi-split-inverter-unite-exterieure#breadcrumb","itemListElement":[{"@type":"ListItem","position":1,"name":"Accueil","item":"https:\/\/cooperhunter.ma\/"},{"@type":"ListItem","position":2,"name":"Boutique","item":"https:\/\/cooperhunter.ma\/?page_id=6"},{"@type":"ListItem","position":3,"name":"Multi-Split INVERTER &#8211; Unit\u00e9 Ext\u00e9rieure"}]},{"@type":"WebSite","@id":"https:\/\/cooperhunter.ma\/#website","url":"https:\/\/cooperhunter.ma\/","name":"Cooper &amp; Hunter","description":"Climatisation Maroc","publisher":{"@id":"https:\/\/cooperhunter.ma\/#organization"},"alternateName":"C&H - Climatiseurs Maroc","potentialAction":[{"@type":"SearchAction","target":{"@type":"EntryPoint","urlTemplate":"https:\/\/cooperhunter.ma\/?s={search_term_string}"},"query-input":"required name=search_term_string"}],"inLanguage":"fr-FR"},{"@type":"Organization","@id":"https:\/\/cooperhunter.ma\/#organization","name":"Cooper & Hunter","alternateName":"Cooper & Hunter","url":"https:\/\/cooperhunter.ma\/","logo":{"@type":"ImageObject","inLanguage":"fr-FR","@id":"https:\/\/cooperhunter.ma\/#\/schema\/logo\/image\/","url":"https:\/\/cooperhunter.ma\/wp-content\/uploads\/2023\/03\/cropped-CH-LOGO-Q.png","contentUrl":"https:\/\/cooperhunter.ma\/wp-content\/uploads\/2023\/03\/cropped-CH-LOGO-Q.png","width":1999,"height":938,"caption":"Cooper & Hunter"},"image":{"@id":"https:\/\/cooperhunter.ma\/#\/schema\/logo\/image\/"}}]}},"_links":{"self":[{"href":"https:\/\/cooperhunter.ma\/index.php?rest_route=\/wp\/v2\/product\/325","targetHints":{"allow":["GET"]}}],"collection":[{"href":"https:\/\/cooperhunter.ma\/index.php?rest_route=\/wp\/v2\/product"}],"about":[{"href":"https:\/\/cooperhunter.ma\/index.php?rest_route=\/wp\/v2\/types\/product"}],"replies":[{"embeddable":true,"href":"https:\/\/cooperhunter.ma\/index.php?rest_route=%2Fwp%2Fv2%2Fcomments&post=325"}],"wp:featuredmedia":[{"embeddable":true,"href":"https:\/\/cooperhunter.ma\/index.php?rest_route=\/wp\/v2\/media\/379"}],"wp:attachment":[{"href":"https:\/\/cooperhunter.ma\/index.php?rest_route=%2Fwp%2Fv2%2Fmedia&parent=325"}],"wp:term":[{"taxonomy":"product_cat","embeddable":true,"href":"https:\/\/cooperhunter.ma\/index.php?rest_route=%2Fwp%2Fv2%2Fproduct_cat&post=325"},{"taxonomy":"product_tag","embeddable":true,"href":"https:\/\/cooperhunter.ma\/index.php?rest_route=%2Fwp%2Fv2%2Fproduct_tag&post=325"}],"curies":[{"name":"wp","href":"https:\/\/api.w.org\/{rel}","templated":true}]}}