{"id":321,"date":"2023-03-29T15:52:03","date_gmt":"2023-03-29T15:52:03","guid":{"rendered":"https:\/\/cooperhunter.ma\/?post_type=product&#038;p=321"},"modified":"2023-04-01T11:11:31","modified_gmt":"2023-04-01T11:11:31","slug":"multi-split-murale-inverter-interieur","status":"publish","type":"product","link":"https:\/\/cooperhunter.ma\/?product=multi-split-murale-inverter-interieur","title":{"rendered":"Multi-Split Murale INVERTER &#8211; Unit\u00e9 Int\u00e9rieure"},"content":{"rendered":"<ul class=\"fa-ul\">\n<li><span>Unit\u00e9 int\u00e9rieure murale Cooper&amp;Hunter CHML-S18FTXQ(I) \u00a0s\u00e9rie\u00a0\u00a0<\/span><span class=\"blue-c\"><span>Wi-Fi\u00a0<\/span><\/span><span>VERITAS INVERTER R410<\/span><span>\u00a0fonctionne au\u00a0fr\u00e9on\u00a0<b>R410\u00a0<\/b><\/span><span class=\"green-c\"><span>sans danger pour la couche d&rsquo;ozone.<\/span><\/span><b><\/b><\/li>\n<li><i class=\"fa-li fa fa-check-square\"><\/i><span>Destin\u00e9 aux locaux d&rsquo;une superficie jusqu&rsquo;\u00e0 50 m\u00b2<\/span><\/li>\n<li><i class=\"fa-li fa fa-check-square\"><\/i><span>Module<\/span><b><span>\u00a0Wi-Fi<\/span><\/b><span>\u00a0vous permet de g\u00e9rer l&rsquo;appareil de n&rsquo;importe o\u00f9 via Internet \u00e0 l&rsquo;aide d&rsquo;une application install\u00e9e sur un smartphone.<\/span><\/li>\n<\/ul>\n","protected":false},"excerpt":{"rendered":"<p>Unit\u00e9 int\u00e9rieure murale Cooper&amp;Hunter CHML-S18FTXQ(I) \u00a0s\u00e9rie\u00a0\u00a0Wi-Fi\u00a0VERITAS INVERTER R410\u00a0fonctionne au\u00a0fr\u00e9on\u00a0R410\u00a0sans danger pour la couche d&rsquo;ozone. Destin\u00e9 aux locaux d&rsquo;une superficie jusqu&rsquo;\u00e0 50 m\u00b2 Module\u00a0Wi-Fi\u00a0vous permet de g\u00e9rer l&rsquo;appareil de n&rsquo;importe o\u00f9 via Internet \u00e0 l&rsquo;aide d&rsquo;une application install\u00e9e sur un smartphone.<\/p>\n","protected":false},"featured_media":217,"comment_status":"open","ping_status":"closed","template":"","meta":[],"product_cat":[30,37],"product_tag":[],"class_list":{"0":"post-321","1":"product","2":"type-product","3":"status-publish","4":"has-post-thumbnail","6":"product_cat-climatiseurs","7":"product_cat-multi-split","9":"first","10":"instock","11":"shipping-taxable","12":"purchasable","13":"product-type-variable"},"yoast_head":"<!-- This site is optimized with the Yoast SEO plugin v20.4 - https:\/\/yoast.com\/wordpress\/plugins\/seo\/ -->\n<title>Multi-Split Murale INVERTER - Unit\u00e9 Int\u00e9rieure - Cooper &amp; Hunter<\/title>\n<meta name=\"robots\" content=\"index, follow, max-snippet:-1, max-image-preview:large, max-video-preview:-1\" \/>\n<link rel=\"canonical\" href=\"https:\/\/cooperhunter.ma\/?product=multi-split-murale-inverter-interieur\" \/>\n<meta property=\"og:locale\" content=\"fr_FR\" \/>\n<meta property=\"og:type\" content=\"article\" \/>\n<meta property=\"og:title\" content=\"Multi-Split Murale INVERTER - Unit\u00e9 Int\u00e9rieure - Cooper &amp; Hunter\" \/>\n<meta property=\"og:description\" content=\"Unit\u00e9 int\u00e9rieure murale Cooper&amp;Hunter CHML-S18FTXQ(I) \u00a0s\u00e9rie\u00a0\u00a0Wi-Fi\u00a0VERITAS INVERTER R410\u00a0fonctionne au\u00a0fr\u00e9on\u00a0R410\u00a0sans danger pour la couche d&rsquo;ozone. Destin\u00e9 aux locaux d&rsquo;une superficie jusqu&rsquo;\u00e0 50 m\u00b2 Module\u00a0Wi-Fi\u00a0vous permet de g\u00e9rer l&rsquo;appareil de n&rsquo;importe o\u00f9 via Internet \u00e0 l&rsquo;aide d&rsquo;une application install\u00e9e sur un smartphone.\" \/>\n<meta property=\"og:url\" content=\"https:\/\/cooperhunter.ma\/?product=multi-split-murale-inverter-interieur\" \/>\n<meta property=\"og:site_name\" content=\"Cooper &amp; Hunter\" \/>\n<meta property=\"article:modified_time\" content=\"2023-04-01T11:11:31+00:00\" \/>\n<meta property=\"og:image\" content=\"https:\/\/cooperhunter.ma\/wp-content\/uploads\/2023\/03\/prod_20230301152717919.jpg\" \/>\n\t<meta property=\"og:image:width\" content=\"1200\" \/>\n\t<meta property=\"og:image:height\" content=\"519\" \/>\n\t<meta property=\"og:image:type\" content=\"image\/jpeg\" \/>\n<meta name=\"twitter:card\" content=\"summary_large_image\" \/>\n<script type=\"application\/ld+json\" class=\"yoast-schema-graph\">{\"@context\":\"https:\/\/schema.org\",\"@graph\":[{\"@type\":\"WebPage\",\"@id\":\"https:\/\/cooperhunter.ma\/?product=multi-split-murale-inverter-interieur\",\"url\":\"https:\/\/cooperhunter.ma\/?product=multi-split-murale-inverter-interieur\",\"name\":\"Multi-Split Murale INVERTER - Unit\u00e9 Int\u00e9rieure - Cooper &amp; Hunter\",\"isPartOf\":{\"@id\":\"https:\/\/cooperhunter.ma\/#website\"},\"datePublished\":\"2023-03-29T15:52:03+00:00\",\"dateModified\":\"2023-04-01T11:11:31+00:00\",\"breadcrumb\":{\"@id\":\"https:\/\/cooperhunter.ma\/?product=multi-split-murale-inverter-interieur#breadcrumb\"},\"inLanguage\":\"fr-FR\",\"potentialAction\":[{\"@type\":\"ReadAction\",\"target\":[\"https:\/\/cooperhunter.ma\/?product=multi-split-murale-inverter-interieur\"]}]},{\"@type\":\"BreadcrumbList\",\"@id\":\"https:\/\/cooperhunter.ma\/?product=multi-split-murale-inverter-interieur#breadcrumb\",\"itemListElement\":[{\"@type\":\"ListItem\",\"position\":1,\"name\":\"Accueil\",\"item\":\"https:\/\/cooperhunter.ma\/\"},{\"@type\":\"ListItem\",\"position\":2,\"name\":\"Boutique\",\"item\":\"https:\/\/cooperhunter.ma\/?page_id=6\"},{\"@type\":\"ListItem\",\"position\":3,\"name\":\"Multi-Split Murale INVERTER &#8211; Unit\u00e9 Int\u00e9rieure\"}]},{\"@type\":\"WebSite\",\"@id\":\"https:\/\/cooperhunter.ma\/#website\",\"url\":\"https:\/\/cooperhunter.ma\/\",\"name\":\"Cooper &amp; Hunter\",\"description\":\"Climatisation Maroc\",\"publisher\":{\"@id\":\"https:\/\/cooperhunter.ma\/#organization\"},\"alternateName\":\"C&H - Climatiseurs Maroc\",\"potentialAction\":[{\"@type\":\"SearchAction\",\"target\":{\"@type\":\"EntryPoint\",\"urlTemplate\":\"https:\/\/cooperhunter.ma\/?s={search_term_string}\"},\"query-input\":\"required name=search_term_string\"}],\"inLanguage\":\"fr-FR\"},{\"@type\":\"Organization\",\"@id\":\"https:\/\/cooperhunter.ma\/#organization\",\"name\":\"Cooper & Hunter\",\"alternateName\":\"Cooper & Hunter\",\"url\":\"https:\/\/cooperhunter.ma\/\",\"logo\":{\"@type\":\"ImageObject\",\"inLanguage\":\"fr-FR\",\"@id\":\"https:\/\/cooperhunter.ma\/#\/schema\/logo\/image\/\",\"url\":\"https:\/\/cooperhunter.ma\/wp-content\/uploads\/2023\/03\/cropped-CH-LOGO-Q.png\",\"contentUrl\":\"https:\/\/cooperhunter.ma\/wp-content\/uploads\/2023\/03\/cropped-CH-LOGO-Q.png\",\"width\":1999,\"height\":938,\"caption\":\"Cooper & Hunter\"},\"image\":{\"@id\":\"https:\/\/cooperhunter.ma\/#\/schema\/logo\/image\/\"}}]}<\/script>\n<!-- \/ Yoast SEO plugin. -->","yoast_head_json":{"title":"Multi-Split Murale INVERTER - Unit\u00e9 Int\u00e9rieure - Cooper &amp; Hunter","robots":{"index":"index","follow":"follow","max-snippet":"max-snippet:-1","max-image-preview":"max-image-preview:large","max-video-preview":"max-video-preview:-1"},"canonical":"https:\/\/cooperhunter.ma\/?product=multi-split-murale-inverter-interieur","og_locale":"fr_FR","og_type":"article","og_title":"Multi-Split Murale INVERTER - Unit\u00e9 Int\u00e9rieure - Cooper &amp; Hunter","og_description":"Unit\u00e9 int\u00e9rieure murale Cooper&amp;Hunter CHML-S18FTXQ(I) \u00a0s\u00e9rie\u00a0\u00a0Wi-Fi\u00a0VERITAS INVERTER R410\u00a0fonctionne au\u00a0fr\u00e9on\u00a0R410\u00a0sans danger pour la couche d&rsquo;ozone. Destin\u00e9 aux locaux d&rsquo;une superficie jusqu&rsquo;\u00e0 50 m\u00b2 Module\u00a0Wi-Fi\u00a0vous permet de g\u00e9rer l&rsquo;appareil de n&rsquo;importe o\u00f9 via Internet \u00e0 l&rsquo;aide d&rsquo;une application install\u00e9e sur un smartphone.","og_url":"https:\/\/cooperhunter.ma\/?product=multi-split-murale-inverter-interieur","og_site_name":"Cooper &amp; Hunter","article_modified_time":"2023-04-01T11:11:31+00:00","og_image":[{"width":1200,"height":519,"url":"https:\/\/cooperhunter.ma\/wp-content\/uploads\/2023\/03\/prod_20230301152717919.jpg","type":"image\/jpeg"}],"twitter_card":"summary_large_image","schema":{"@context":"https:\/\/schema.org","@graph":[{"@type":"WebPage","@id":"https:\/\/cooperhunter.ma\/?product=multi-split-murale-inverter-interieur","url":"https:\/\/cooperhunter.ma\/?product=multi-split-murale-inverter-interieur","name":"Multi-Split Murale INVERTER - Unit\u00e9 Int\u00e9rieure - Cooper &amp; Hunter","isPartOf":{"@id":"https:\/\/cooperhunter.ma\/#website"},"datePublished":"2023-03-29T15:52:03+00:00","dateModified":"2023-04-01T11:11:31+00:00","breadcrumb":{"@id":"https:\/\/cooperhunter.ma\/?product=multi-split-murale-inverter-interieur#breadcrumb"},"inLanguage":"fr-FR","potentialAction":[{"@type":"ReadAction","target":["https:\/\/cooperhunter.ma\/?product=multi-split-murale-inverter-interieur"]}]},{"@type":"BreadcrumbList","@id":"https:\/\/cooperhunter.ma\/?product=multi-split-murale-inverter-interieur#breadcrumb","itemListElement":[{"@type":"ListItem","position":1,"name":"Accueil","item":"https:\/\/cooperhunter.ma\/"},{"@type":"ListItem","position":2,"name":"Boutique","item":"https:\/\/cooperhunter.ma\/?page_id=6"},{"@type":"ListItem","position":3,"name":"Multi-Split Murale INVERTER &#8211; Unit\u00e9 Int\u00e9rieure"}]},{"@type":"WebSite","@id":"https:\/\/cooperhunter.ma\/#website","url":"https:\/\/cooperhunter.ma\/","name":"Cooper &amp; Hunter","description":"Climatisation Maroc","publisher":{"@id":"https:\/\/cooperhunter.ma\/#organization"},"alternateName":"C&H - Climatiseurs Maroc","potentialAction":[{"@type":"SearchAction","target":{"@type":"EntryPoint","urlTemplate":"https:\/\/cooperhunter.ma\/?s={search_term_string}"},"query-input":"required name=search_term_string"}],"inLanguage":"fr-FR"},{"@type":"Organization","@id":"https:\/\/cooperhunter.ma\/#organization","name":"Cooper & Hunter","alternateName":"Cooper & Hunter","url":"https:\/\/cooperhunter.ma\/","logo":{"@type":"ImageObject","inLanguage":"fr-FR","@id":"https:\/\/cooperhunter.ma\/#\/schema\/logo\/image\/","url":"https:\/\/cooperhunter.ma\/wp-content\/uploads\/2023\/03\/cropped-CH-LOGO-Q.png","contentUrl":"https:\/\/cooperhunter.ma\/wp-content\/uploads\/2023\/03\/cropped-CH-LOGO-Q.png","width":1999,"height":938,"caption":"Cooper & Hunter"},"image":{"@id":"https:\/\/cooperhunter.ma\/#\/schema\/logo\/image\/"}}]}},"_links":{"self":[{"href":"https:\/\/cooperhunter.ma\/index.php?rest_route=\/wp\/v2\/product\/321","targetHints":{"allow":["GET"]}}],"collection":[{"href":"https:\/\/cooperhunter.ma\/index.php?rest_route=\/wp\/v2\/product"}],"about":[{"href":"https:\/\/cooperhunter.ma\/index.php?rest_route=\/wp\/v2\/types\/product"}],"replies":[{"embeddable":true,"href":"https:\/\/cooperhunter.ma\/index.php?rest_route=%2Fwp%2Fv2%2Fcomments&post=321"}],"wp:featuredmedia":[{"embeddable":true,"href":"https:\/\/cooperhunter.ma\/index.php?rest_route=\/wp\/v2\/media\/217"}],"wp:attachment":[{"href":"https:\/\/cooperhunter.ma\/index.php?rest_route=%2Fwp%2Fv2%2Fmedia&parent=321"}],"wp:term":[{"taxonomy":"product_cat","embeddable":true,"href":"https:\/\/cooperhunter.ma\/index.php?rest_route=%2Fwp%2Fv2%2Fproduct_cat&post=321"},{"taxonomy":"product_tag","embeddable":true,"href":"https:\/\/cooperhunter.ma\/index.php?rest_route=%2Fwp%2Fv2%2Fproduct_tag&post=321"}],"curies":[{"name":"wp","href":"https:\/\/api.w.org\/{rel}","templated":true}]}}