{"id":320,"date":"2023-03-29T15:46:49","date_gmt":"2023-03-29T15:46:49","guid":{"rendered":"https:\/\/cooperhunter.ma\/?post_type=product&#038;p=320"},"modified":"2023-04-01T11:03:30","modified_gmt":"2023-04-01T11:03:30","slug":"multi-split-murale-inverter-veritas","status":"publish","type":"product","link":"https:\/\/cooperhunter.ma\/?product=multi-split-murale-inverter-veritas","title":{"rendered":"Multi-Split Murale INVERTER &#8211; Veritas &#8211; 12000 BTU"},"content":{"rendered":"<div class=\"cards-description\">\n<div class=\"sct-text animate animated\">\n<div>\n<div>\n<ul>\n<li><span>Plage de temp\u00e9rature de fonctionnement : refroidissement de -15\u00b0\u0421 \u00e0 +48\u00b0C, chauffage de -15\u00b0\u0421 \u00e0 +24\u00b0C.<\/span><\/li>\n<li><span>Prot\u00e8ge votre maison des frisottis : fonction \u00ab +8 degr\u00e9s \u00bb.\u00a0Le climatiseur supportera la temp\u00e9rature de 8\u00b0\u0421 emp\u00eachant le frisottis de la pi\u00e8ce et consommant le minimum d&rsquo;\u00e9nergie \u00e9lectrique.<\/span><\/li>\n<li><span>La t\u00e9l\u00e9commande haut de gamme avec un nouveau ch\u00e2ssis ergonomique et un \u00e9clairage nocturne.<\/span><\/li>\n<\/ul>\n<\/div>\n<\/div>\n<\/div>\n<\/div>\n","protected":false},"excerpt":{"rendered":"<p>Plage de temp\u00e9rature de fonctionnement : refroidissement de -15\u00b0\u0421 \u00e0 +48\u00b0C, chauffage de -15\u00b0\u0421 \u00e0 +24\u00b0C. Prot\u00e8ge votre maison des frisottis : fonction \u00ab +8 degr\u00e9s \u00bb.\u00a0Le climatiseur supportera la temp\u00e9rature de 8\u00b0\u0421 emp\u00eachant le frisottis de la pi\u00e8ce et consommant le minimum d&rsquo;\u00e9nergie \u00e9lectrique. La t\u00e9l\u00e9commande haut de gamme avec un nouveau ch\u00e2ssis ergonomique [&hellip;]<\/p>\n","protected":false},"featured_media":217,"comment_status":"open","ping_status":"closed","template":"","meta":[],"product_cat":[30,37],"product_tag":[],"class_list":{"0":"post-320","1":"product","2":"type-product","3":"status-publish","4":"has-post-thumbnail","6":"product_cat-climatiseurs","7":"product_cat-multi-split","9":"first","10":"instock","11":"shipping-taxable","12":"purchasable","13":"product-type-simple"},"yoast_head":"<!-- This site is optimized with the Yoast SEO plugin v20.4 - https:\/\/yoast.com\/wordpress\/plugins\/seo\/ -->\n<title>Multi-Split Murale INVERTER - Veritas - 12000 BTU - Cooper &amp; Hunter<\/title>\n<meta name=\"robots\" content=\"index, follow, max-snippet:-1, max-image-preview:large, max-video-preview:-1\" \/>\n<link rel=\"canonical\" href=\"https:\/\/cooperhunter.ma\/?product=multi-split-murale-inverter-veritas\" \/>\n<meta property=\"og:locale\" content=\"fr_FR\" \/>\n<meta property=\"og:type\" content=\"article\" \/>\n<meta property=\"og:title\" content=\"Multi-Split Murale INVERTER - Veritas - 12000 BTU - Cooper &amp; Hunter\" \/>\n<meta property=\"og:description\" content=\"Plage de temp\u00e9rature de fonctionnement : refroidissement de -15\u00b0\u0421 \u00e0 +48\u00b0C, chauffage de -15\u00b0\u0421 \u00e0 +24\u00b0C. Prot\u00e8ge votre maison des frisottis : fonction \u00ab +8 degr\u00e9s \u00bb.\u00a0Le climatiseur supportera la temp\u00e9rature de 8\u00b0\u0421 emp\u00eachant le frisottis de la pi\u00e8ce et consommant le minimum d&rsquo;\u00e9nergie \u00e9lectrique. La t\u00e9l\u00e9commande haut de gamme avec un nouveau ch\u00e2ssis ergonomique [&hellip;]\" \/>\n<meta property=\"og:url\" content=\"https:\/\/cooperhunter.ma\/?product=multi-split-murale-inverter-veritas\" \/>\n<meta property=\"og:site_name\" content=\"Cooper &amp; Hunter\" \/>\n<meta property=\"article:modified_time\" content=\"2023-04-01T11:03:30+00:00\" \/>\n<meta property=\"og:image\" content=\"https:\/\/cooperhunter.ma\/wp-content\/uploads\/2023\/03\/prod_20230301152717919.jpg\" \/>\n\t<meta property=\"og:image:width\" content=\"1200\" \/>\n\t<meta property=\"og:image:height\" content=\"519\" \/>\n\t<meta property=\"og:image:type\" content=\"image\/jpeg\" \/>\n<meta name=\"twitter:card\" content=\"summary_large_image\" \/>\n<script type=\"application\/ld+json\" class=\"yoast-schema-graph\">{\"@context\":\"https:\/\/schema.org\",\"@graph\":[{\"@type\":\"WebPage\",\"@id\":\"https:\/\/cooperhunter.ma\/?product=multi-split-murale-inverter-veritas\",\"url\":\"https:\/\/cooperhunter.ma\/?product=multi-split-murale-inverter-veritas\",\"name\":\"Multi-Split Murale INVERTER - Veritas - 12000 BTU - Cooper &amp; Hunter\",\"isPartOf\":{\"@id\":\"https:\/\/cooperhunter.ma\/#website\"},\"datePublished\":\"2023-03-29T15:46:49+00:00\",\"dateModified\":\"2023-04-01T11:03:30+00:00\",\"breadcrumb\":{\"@id\":\"https:\/\/cooperhunter.ma\/?product=multi-split-murale-inverter-veritas#breadcrumb\"},\"inLanguage\":\"fr-FR\",\"potentialAction\":[{\"@type\":\"ReadAction\",\"target\":[\"https:\/\/cooperhunter.ma\/?product=multi-split-murale-inverter-veritas\"]}]},{\"@type\":\"BreadcrumbList\",\"@id\":\"https:\/\/cooperhunter.ma\/?product=multi-split-murale-inverter-veritas#breadcrumb\",\"itemListElement\":[{\"@type\":\"ListItem\",\"position\":1,\"name\":\"Accueil\",\"item\":\"https:\/\/cooperhunter.ma\/\"},{\"@type\":\"ListItem\",\"position\":2,\"name\":\"Boutique\",\"item\":\"https:\/\/cooperhunter.ma\/?page_id=6\"},{\"@type\":\"ListItem\",\"position\":3,\"name\":\"Multi-Split Murale INVERTER &#8211; Veritas &#8211; 12000 BTU\"}]},{\"@type\":\"WebSite\",\"@id\":\"https:\/\/cooperhunter.ma\/#website\",\"url\":\"https:\/\/cooperhunter.ma\/\",\"name\":\"Cooper &amp; Hunter\",\"description\":\"Climatisation Maroc\",\"publisher\":{\"@id\":\"https:\/\/cooperhunter.ma\/#organization\"},\"alternateName\":\"C&H - Climatiseurs Maroc\",\"potentialAction\":[{\"@type\":\"SearchAction\",\"target\":{\"@type\":\"EntryPoint\",\"urlTemplate\":\"https:\/\/cooperhunter.ma\/?s={search_term_string}\"},\"query-input\":\"required name=search_term_string\"}],\"inLanguage\":\"fr-FR\"},{\"@type\":\"Organization\",\"@id\":\"https:\/\/cooperhunter.ma\/#organization\",\"name\":\"Cooper & Hunter\",\"alternateName\":\"Cooper & Hunter\",\"url\":\"https:\/\/cooperhunter.ma\/\",\"logo\":{\"@type\":\"ImageObject\",\"inLanguage\":\"fr-FR\",\"@id\":\"https:\/\/cooperhunter.ma\/#\/schema\/logo\/image\/\",\"url\":\"https:\/\/cooperhunter.ma\/wp-content\/uploads\/2023\/03\/cropped-CH-LOGO-Q.png\",\"contentUrl\":\"https:\/\/cooperhunter.ma\/wp-content\/uploads\/2023\/03\/cropped-CH-LOGO-Q.png\",\"width\":1999,\"height\":938,\"caption\":\"Cooper & Hunter\"},\"image\":{\"@id\":\"https:\/\/cooperhunter.ma\/#\/schema\/logo\/image\/\"}}]}<\/script>\n<!-- \/ Yoast SEO plugin. -->","yoast_head_json":{"title":"Multi-Split Murale INVERTER - Veritas - 12000 BTU - Cooper &amp; Hunter","robots":{"index":"index","follow":"follow","max-snippet":"max-snippet:-1","max-image-preview":"max-image-preview:large","max-video-preview":"max-video-preview:-1"},"canonical":"https:\/\/cooperhunter.ma\/?product=multi-split-murale-inverter-veritas","og_locale":"fr_FR","og_type":"article","og_title":"Multi-Split Murale INVERTER - Veritas - 12000 BTU - Cooper &amp; Hunter","og_description":"Plage de temp\u00e9rature de fonctionnement : refroidissement de -15\u00b0\u0421 \u00e0 +48\u00b0C, chauffage de -15\u00b0\u0421 \u00e0 +24\u00b0C. Prot\u00e8ge votre maison des frisottis : fonction \u00ab +8 degr\u00e9s \u00bb.\u00a0Le climatiseur supportera la temp\u00e9rature de 8\u00b0\u0421 emp\u00eachant le frisottis de la pi\u00e8ce et consommant le minimum d&rsquo;\u00e9nergie \u00e9lectrique. La t\u00e9l\u00e9commande haut de gamme avec un nouveau ch\u00e2ssis ergonomique [&hellip;]","og_url":"https:\/\/cooperhunter.ma\/?product=multi-split-murale-inverter-veritas","og_site_name":"Cooper &amp; Hunter","article_modified_time":"2023-04-01T11:03:30+00:00","og_image":[{"width":1200,"height":519,"url":"https:\/\/cooperhunter.ma\/wp-content\/uploads\/2023\/03\/prod_20230301152717919.jpg","type":"image\/jpeg"}],"twitter_card":"summary_large_image","schema":{"@context":"https:\/\/schema.org","@graph":[{"@type":"WebPage","@id":"https:\/\/cooperhunter.ma\/?product=multi-split-murale-inverter-veritas","url":"https:\/\/cooperhunter.ma\/?product=multi-split-murale-inverter-veritas","name":"Multi-Split Murale INVERTER - Veritas - 12000 BTU - Cooper &amp; Hunter","isPartOf":{"@id":"https:\/\/cooperhunter.ma\/#website"},"datePublished":"2023-03-29T15:46:49+00:00","dateModified":"2023-04-01T11:03:30+00:00","breadcrumb":{"@id":"https:\/\/cooperhunter.ma\/?product=multi-split-murale-inverter-veritas#breadcrumb"},"inLanguage":"fr-FR","potentialAction":[{"@type":"ReadAction","target":["https:\/\/cooperhunter.ma\/?product=multi-split-murale-inverter-veritas"]}]},{"@type":"BreadcrumbList","@id":"https:\/\/cooperhunter.ma\/?product=multi-split-murale-inverter-veritas#breadcrumb","itemListElement":[{"@type":"ListItem","position":1,"name":"Accueil","item":"https:\/\/cooperhunter.ma\/"},{"@type":"ListItem","position":2,"name":"Boutique","item":"https:\/\/cooperhunter.ma\/?page_id=6"},{"@type":"ListItem","position":3,"name":"Multi-Split Murale INVERTER &#8211; Veritas &#8211; 12000 BTU"}]},{"@type":"WebSite","@id":"https:\/\/cooperhunter.ma\/#website","url":"https:\/\/cooperhunter.ma\/","name":"Cooper &amp; Hunter","description":"Climatisation Maroc","publisher":{"@id":"https:\/\/cooperhunter.ma\/#organization"},"alternateName":"C&H - Climatiseurs Maroc","potentialAction":[{"@type":"SearchAction","target":{"@type":"EntryPoint","urlTemplate":"https:\/\/cooperhunter.ma\/?s={search_term_string}"},"query-input":"required name=search_term_string"}],"inLanguage":"fr-FR"},{"@type":"Organization","@id":"https:\/\/cooperhunter.ma\/#organization","name":"Cooper & Hunter","alternateName":"Cooper & Hunter","url":"https:\/\/cooperhunter.ma\/","logo":{"@type":"ImageObject","inLanguage":"fr-FR","@id":"https:\/\/cooperhunter.ma\/#\/schema\/logo\/image\/","url":"https:\/\/cooperhunter.ma\/wp-content\/uploads\/2023\/03\/cropped-CH-LOGO-Q.png","contentUrl":"https:\/\/cooperhunter.ma\/wp-content\/uploads\/2023\/03\/cropped-CH-LOGO-Q.png","width":1999,"height":938,"caption":"Cooper & Hunter"},"image":{"@id":"https:\/\/cooperhunter.ma\/#\/schema\/logo\/image\/"}}]}},"_links":{"self":[{"href":"https:\/\/cooperhunter.ma\/index.php?rest_route=\/wp\/v2\/product\/320","targetHints":{"allow":["GET"]}}],"collection":[{"href":"https:\/\/cooperhunter.ma\/index.php?rest_route=\/wp\/v2\/product"}],"about":[{"href":"https:\/\/cooperhunter.ma\/index.php?rest_route=\/wp\/v2\/types\/product"}],"replies":[{"embeddable":true,"href":"https:\/\/cooperhunter.ma\/index.php?rest_route=%2Fwp%2Fv2%2Fcomments&post=320"}],"wp:featuredmedia":[{"embeddable":true,"href":"https:\/\/cooperhunter.ma\/index.php?rest_route=\/wp\/v2\/media\/217"}],"wp:attachment":[{"href":"https:\/\/cooperhunter.ma\/index.php?rest_route=%2Fwp%2Fv2%2Fmedia&parent=320"}],"wp:term":[{"taxonomy":"product_cat","embeddable":true,"href":"https:\/\/cooperhunter.ma\/index.php?rest_route=%2Fwp%2Fv2%2Fproduct_cat&post=320"},{"taxonomy":"product_tag","embeddable":true,"href":"https:\/\/cooperhunter.ma\/index.php?rest_route=%2Fwp%2Fv2%2Fproduct_tag&post=320"}],"curies":[{"name":"wp","href":"https:\/\/api.w.org\/{rel}","templated":true}]}}