{"id":262,"date":"2023-03-29T10:07:56","date_gmt":"2023-03-29T10:07:56","guid":{"rendered":"https:\/\/cooperhunter.ma\/?post_type=product&#038;p=262"},"modified":"2023-03-30T14:41:51","modified_gmt":"2023-03-30T14:41:51","slug":"cassette-inverter","status":"publish","type":"product","link":"https:\/\/cooperhunter.ma\/?product=cassette-inverter","title":{"rendered":"Cassette INVERTER"},"content":{"rendered":"<ul>\n<li><span class=\"s2\">Installation facile.<\/span><\/li>\n<li><span class=\"s2\">Dimensions compactes.<\/span><\/li>\n<li class=\"p1\"><span class=\"s2\">Ventilateur silencieux.<\/span><\/li>\n<li class=\"p1\"><span class=\"s2\">Filtre de lavage longue dur\u00e9e.<\/span><\/li>\n<li class=\"p1\"><span class=\"s2\">Pompe de vidange.<\/span><\/li>\n<li class=\"p1\"><span class=\"s2\">Distribution automatique de l&rsquo;air en mode Swing.<\/span><\/li>\n<li class=\"p1\"><span class=\"s2\">\u00e9changeur de chaleur hautement efficace.<\/span><\/li>\n<li class=\"p1\"><span class=\"s2\">Autodiagnostic des dysfonctionnements des principales unit\u00e9s et modes.<\/span><\/li>\n<li class=\"p1\"><span class=\"s2\">Syst\u00e8me de protection \u00e0 plusieurs niveaux.<\/span><\/li>\n<li class=\"p1\"><span class=\"s2\">D\u00e9givrage intelligent.<\/span><\/li>\n<li class=\"p1\"><span class=\"s2\">La longueur du pipeline peut atteindre 50 m (pour les mod\u00e8les haute puissance).<\/span><\/li>\n<li class=\"p1\"><span class=\"s2\">Possibilit\u00e9 de s\u00e9lectionner le capteur de temp\u00e9rature de l&rsquo;air int\u00e9rieur pour le contr\u00f4le.<\/span><\/li>\n<\/ul>\n","protected":false},"excerpt":{"rendered":"<p>Installation facile. Dimensions compactes. Ventilateur silencieux. Filtre de lavage longue dur\u00e9e. Pompe de vidange. Distribution automatique de l&rsquo;air en mode Swing. \u00e9changeur de chaleur hautement efficace. Autodiagnostic des dysfonctionnements des principales unit\u00e9s et modes. Syst\u00e8me de protection \u00e0 plusieurs niveaux. D\u00e9givrage intelligent. La longueur du pipeline peut atteindre 50 m (pour les mod\u00e8les haute puissance). [&hellip;]<\/p>\n","protected":false},"featured_media":357,"comment_status":"open","ping_status":"closed","template":"","meta":[],"product_cat":[30,39,34],"product_tag":[],"class_list":{"0":"post-262","1":"product","2":"type-product","3":"status-publish","4":"has-post-thumbnail","6":"product_cat-climatiseurs","7":"product_cat-commerciaux","8":"product_cat-cassette","10":"first","11":"instock","12":"shipping-taxable","13":"purchasable","14":"product-type-variable"},"yoast_head":"<!-- This site is optimized with the Yoast SEO plugin v20.4 - https:\/\/yoast.com\/wordpress\/plugins\/seo\/ -->\n<title>Cassette INVERTER - Cooper &amp; Hunter<\/title>\n<meta name=\"robots\" content=\"index, follow, max-snippet:-1, max-image-preview:large, max-video-preview:-1\" \/>\n<link rel=\"canonical\" href=\"https:\/\/cooperhunter.ma\/?product=cassette-inverter\" \/>\n<meta property=\"og:locale\" content=\"fr_FR\" \/>\n<meta property=\"og:type\" content=\"article\" \/>\n<meta property=\"og:title\" content=\"Cassette INVERTER - Cooper &amp; Hunter\" \/>\n<meta property=\"og:description\" content=\"Installation facile. Dimensions compactes. Ventilateur silencieux. Filtre de lavage longue dur\u00e9e. Pompe de vidange. Distribution automatique de l&rsquo;air en mode Swing. \u00e9changeur de chaleur hautement efficace. Autodiagnostic des dysfonctionnements des principales unit\u00e9s et modes. Syst\u00e8me de protection \u00e0 plusieurs niveaux. D\u00e9givrage intelligent. La longueur du pipeline peut atteindre 50 m (pour les mod\u00e8les haute puissance). [&hellip;]\" \/>\n<meta property=\"og:url\" content=\"https:\/\/cooperhunter.ma\/?product=cassette-inverter\" \/>\n<meta property=\"og:site_name\" content=\"Cooper &amp; Hunter\" \/>\n<meta property=\"article:modified_time\" content=\"2023-03-30T14:41:51+00:00\" \/>\n<meta property=\"og:image\" content=\"https:\/\/cooperhunter.ma\/wp-content\/uploads\/2023\/03\/ic1.jpeg\" \/>\n\t<meta property=\"og:image:width\" content=\"500\" \/>\n\t<meta property=\"og:image:height\" content=\"500\" \/>\n\t<meta property=\"og:image:type\" content=\"image\/jpeg\" \/>\n<meta name=\"twitter:card\" content=\"summary_large_image\" \/>\n<script type=\"application\/ld+json\" class=\"yoast-schema-graph\">{\"@context\":\"https:\/\/schema.org\",\"@graph\":[{\"@type\":\"WebPage\",\"@id\":\"https:\/\/cooperhunter.ma\/?product=cassette-inverter\",\"url\":\"https:\/\/cooperhunter.ma\/?product=cassette-inverter\",\"name\":\"Cassette INVERTER - Cooper &amp; Hunter\",\"isPartOf\":{\"@id\":\"https:\/\/cooperhunter.ma\/#website\"},\"datePublished\":\"2023-03-29T10:07:56+00:00\",\"dateModified\":\"2023-03-30T14:41:51+00:00\",\"breadcrumb\":{\"@id\":\"https:\/\/cooperhunter.ma\/?product=cassette-inverter#breadcrumb\"},\"inLanguage\":\"fr-FR\",\"potentialAction\":[{\"@type\":\"ReadAction\",\"target\":[\"https:\/\/cooperhunter.ma\/?product=cassette-inverter\"]}]},{\"@type\":\"BreadcrumbList\",\"@id\":\"https:\/\/cooperhunter.ma\/?product=cassette-inverter#breadcrumb\",\"itemListElement\":[{\"@type\":\"ListItem\",\"position\":1,\"name\":\"Accueil\",\"item\":\"https:\/\/cooperhunter.ma\/\"},{\"@type\":\"ListItem\",\"position\":2,\"name\":\"Boutique\",\"item\":\"https:\/\/cooperhunter.ma\/?page_id=6\"},{\"@type\":\"ListItem\",\"position\":3,\"name\":\"Cassette INVERTER\"}]},{\"@type\":\"WebSite\",\"@id\":\"https:\/\/cooperhunter.ma\/#website\",\"url\":\"https:\/\/cooperhunter.ma\/\",\"name\":\"Cooper &amp; Hunter\",\"description\":\"Climatisation Maroc\",\"publisher\":{\"@id\":\"https:\/\/cooperhunter.ma\/#organization\"},\"alternateName\":\"C&H - Climatiseurs Maroc\",\"potentialAction\":[{\"@type\":\"SearchAction\",\"target\":{\"@type\":\"EntryPoint\",\"urlTemplate\":\"https:\/\/cooperhunter.ma\/?s={search_term_string}\"},\"query-input\":\"required name=search_term_string\"}],\"inLanguage\":\"fr-FR\"},{\"@type\":\"Organization\",\"@id\":\"https:\/\/cooperhunter.ma\/#organization\",\"name\":\"Cooper & Hunter\",\"alternateName\":\"Cooper & Hunter\",\"url\":\"https:\/\/cooperhunter.ma\/\",\"logo\":{\"@type\":\"ImageObject\",\"inLanguage\":\"fr-FR\",\"@id\":\"https:\/\/cooperhunter.ma\/#\/schema\/logo\/image\/\",\"url\":\"https:\/\/cooperhunter.ma\/wp-content\/uploads\/2023\/03\/cropped-CH-LOGO-Q.png\",\"contentUrl\":\"https:\/\/cooperhunter.ma\/wp-content\/uploads\/2023\/03\/cropped-CH-LOGO-Q.png\",\"width\":1999,\"height\":938,\"caption\":\"Cooper & Hunter\"},\"image\":{\"@id\":\"https:\/\/cooperhunter.ma\/#\/schema\/logo\/image\/\"}}]}<\/script>\n<!-- \/ Yoast SEO plugin. -->","yoast_head_json":{"title":"Cassette INVERTER - Cooper &amp; Hunter","robots":{"index":"index","follow":"follow","max-snippet":"max-snippet:-1","max-image-preview":"max-image-preview:large","max-video-preview":"max-video-preview:-1"},"canonical":"https:\/\/cooperhunter.ma\/?product=cassette-inverter","og_locale":"fr_FR","og_type":"article","og_title":"Cassette INVERTER - Cooper &amp; Hunter","og_description":"Installation facile. Dimensions compactes. Ventilateur silencieux. Filtre de lavage longue dur\u00e9e. Pompe de vidange. Distribution automatique de l&rsquo;air en mode Swing. \u00e9changeur de chaleur hautement efficace. Autodiagnostic des dysfonctionnements des principales unit\u00e9s et modes. Syst\u00e8me de protection \u00e0 plusieurs niveaux. D\u00e9givrage intelligent. La longueur du pipeline peut atteindre 50 m (pour les mod\u00e8les haute puissance). [&hellip;]","og_url":"https:\/\/cooperhunter.ma\/?product=cassette-inverter","og_site_name":"Cooper &amp; Hunter","article_modified_time":"2023-03-30T14:41:51+00:00","og_image":[{"width":500,"height":500,"url":"https:\/\/cooperhunter.ma\/wp-content\/uploads\/2023\/03\/ic1.jpeg","type":"image\/jpeg"}],"twitter_card":"summary_large_image","schema":{"@context":"https:\/\/schema.org","@graph":[{"@type":"WebPage","@id":"https:\/\/cooperhunter.ma\/?product=cassette-inverter","url":"https:\/\/cooperhunter.ma\/?product=cassette-inverter","name":"Cassette INVERTER - Cooper &amp; Hunter","isPartOf":{"@id":"https:\/\/cooperhunter.ma\/#website"},"datePublished":"2023-03-29T10:07:56+00:00","dateModified":"2023-03-30T14:41:51+00:00","breadcrumb":{"@id":"https:\/\/cooperhunter.ma\/?product=cassette-inverter#breadcrumb"},"inLanguage":"fr-FR","potentialAction":[{"@type":"ReadAction","target":["https:\/\/cooperhunter.ma\/?product=cassette-inverter"]}]},{"@type":"BreadcrumbList","@id":"https:\/\/cooperhunter.ma\/?product=cassette-inverter#breadcrumb","itemListElement":[{"@type":"ListItem","position":1,"name":"Accueil","item":"https:\/\/cooperhunter.ma\/"},{"@type":"ListItem","position":2,"name":"Boutique","item":"https:\/\/cooperhunter.ma\/?page_id=6"},{"@type":"ListItem","position":3,"name":"Cassette INVERTER"}]},{"@type":"WebSite","@id":"https:\/\/cooperhunter.ma\/#website","url":"https:\/\/cooperhunter.ma\/","name":"Cooper &amp; Hunter","description":"Climatisation Maroc","publisher":{"@id":"https:\/\/cooperhunter.ma\/#organization"},"alternateName":"C&H - Climatiseurs Maroc","potentialAction":[{"@type":"SearchAction","target":{"@type":"EntryPoint","urlTemplate":"https:\/\/cooperhunter.ma\/?s={search_term_string}"},"query-input":"required name=search_term_string"}],"inLanguage":"fr-FR"},{"@type":"Organization","@id":"https:\/\/cooperhunter.ma\/#organization","name":"Cooper & Hunter","alternateName":"Cooper & Hunter","url":"https:\/\/cooperhunter.ma\/","logo":{"@type":"ImageObject","inLanguage":"fr-FR","@id":"https:\/\/cooperhunter.ma\/#\/schema\/logo\/image\/","url":"https:\/\/cooperhunter.ma\/wp-content\/uploads\/2023\/03\/cropped-CH-LOGO-Q.png","contentUrl":"https:\/\/cooperhunter.ma\/wp-content\/uploads\/2023\/03\/cropped-CH-LOGO-Q.png","width":1999,"height":938,"caption":"Cooper & Hunter"},"image":{"@id":"https:\/\/cooperhunter.ma\/#\/schema\/logo\/image\/"}}]}},"_links":{"self":[{"href":"https:\/\/cooperhunter.ma\/index.php?rest_route=\/wp\/v2\/product\/262","targetHints":{"allow":["GET"]}}],"collection":[{"href":"https:\/\/cooperhunter.ma\/index.php?rest_route=\/wp\/v2\/product"}],"about":[{"href":"https:\/\/cooperhunter.ma\/index.php?rest_route=\/wp\/v2\/types\/product"}],"replies":[{"embeddable":true,"href":"https:\/\/cooperhunter.ma\/index.php?rest_route=%2Fwp%2Fv2%2Fcomments&post=262"}],"wp:featuredmedia":[{"embeddable":true,"href":"https:\/\/cooperhunter.ma\/index.php?rest_route=\/wp\/v2\/media\/357"}],"wp:attachment":[{"href":"https:\/\/cooperhunter.ma\/index.php?rest_route=%2Fwp%2Fv2%2Fmedia&parent=262"}],"wp:term":[{"taxonomy":"product_cat","embeddable":true,"href":"https:\/\/cooperhunter.ma\/index.php?rest_route=%2Fwp%2Fv2%2Fproduct_cat&post=262"},{"taxonomy":"product_tag","embeddable":true,"href":"https:\/\/cooperhunter.ma\/index.php?rest_route=%2Fwp%2Fv2%2Fproduct_tag&post=262"}],"curies":[{"name":"wp","href":"https:\/\/api.w.org\/{rel}","templated":true}]}}