{"id":250,"date":"2023-03-29T09:46:03","date_gmt":"2023-03-29T09:46:03","guid":{"rendered":"https:\/\/cooperhunter.ma\/?post_type=product&#038;p=250"},"modified":"2024-08-03T14:08:51","modified_gmt":"2024-08-03T14:08:51","slug":"winner-inverter","status":"publish","type":"product","link":"https:\/\/cooperhunter.ma\/?product=winner-inverter","title":{"rendered":"Winner INVERTER"},"content":{"rendered":"<ul>\n<li>\u00ab\u00a0CH SMART-ION Filter\u00a0\u00bb &#8211; une nouvelle g\u00e9n\u00e9ration de technologie de purification totale de l&rsquo;air.<\/li>\n<li><strong>Conformit\u00e9 totale \u00e0 la directive de l&rsquo;Union europ\u00e9enne ErP (Energy related Products) n\u00b0 626\/2011\/EU<\/strong>\u00a0valable depuis le 1-01-2013\u00a0pour les pompes \u00e0 chaleur et les climatiseurs domestiques SEER A++ SCOP A++.<\/li>\n<li>Fr\u00e9on haute performance sans danger pour la couche d&rsquo;ozone R410.<\/li>\n<li>T\u00e9l\u00e9commande haut de gamme avec un nouveau design ergonomique et un \u00e9clairage nocturne.<\/li>\n<li>Logiciel avanc\u00e9 qui optimise le fonctionnement du climatiseur dans une large gamme de vitesses de compresseur.<\/li>\n<li>Ventilateur \u00e0 plusieurs vitesses.<\/li>\n<li>Large flux d&rsquo;air.<\/li>\n<li>Technologie Inverter de DAIKIN.<\/li>\n<li>Fonction \u00ab\u00a0Red\u00e9marrage automatique\u00a0\u00bb.<\/li>\n<li>Protection antigel de l&rsquo;unit\u00e9 ext\u00e9rieure.<\/li>\n<li>minuterie 24 heures.<\/li>\n<li>Protection contre le soufflage d&rsquo;air froid.<\/li>\n<li>Rev\u00eatement \u00ab\u00a0Blue Fin\u00a0\u00bb.<\/li>\n<li>fonction \u00ab\u00a0JE RESSENS\u00a0\u00bb.<\/li>\n<li>Travaillez en mode \u00ab\u00a0SOMMEIL\u00a0\u00bb.<\/li>\n<li>D\u00e9shumidification autonome.<\/li>\n<li>Affichage couleur.<\/li>\n<li>Protection du compresseur.<\/li>\n<li>Mode de chauffage en veille.<\/li>\n<li>Refroidissement \u00e9conomique.<\/li>\n<li>D\u00e9marrage \u00e0 basse temp\u00e9rature ext\u00e9rieure.<\/li>\n<\/ul>\n","protected":false},"excerpt":{"rendered":"<p>\u00ab\u00a0CH SMART-ION Filter\u00a0\u00bb &#8211; une nouvelle g\u00e9n\u00e9ration de technologie de purification totale de l&rsquo;air. Conformit\u00e9 totale \u00e0 la directive de l&rsquo;Union europ\u00e9enne ErP (Energy related Products) n\u00b0 626\/2011\/EU\u00a0valable depuis le 1-01-2013\u00a0pour les pompes \u00e0 chaleur et les climatiseurs domestiques SEER A++ SCOP A++. Fr\u00e9on haute performance sans danger pour la couche d&rsquo;ozone R410. T\u00e9l\u00e9commande haut [&hellip;]<\/p>\n","protected":false},"featured_media":233,"comment_status":"open","ping_status":"closed","template":"","meta":[],"product_cat":[30,31],"product_tag":[],"class_list":{"0":"post-250","1":"product","2":"type-product","3":"status-publish","4":"has-post-thumbnail","6":"product_cat-climatiseurs","7":"product_cat-systeme-split","9":"first","10":"instock","11":"featured","12":"shipping-taxable","13":"purchasable","14":"product-type-variable"},"yoast_head":"<!-- This site is optimized with the Yoast SEO plugin v20.4 - https:\/\/yoast.com\/wordpress\/plugins\/seo\/ -->\n<title>Winner INVERTER - Cooper &amp; Hunter<\/title>\n<meta name=\"robots\" content=\"index, follow, max-snippet:-1, max-image-preview:large, max-video-preview:-1\" \/>\n<link rel=\"canonical\" href=\"https:\/\/cooperhunter.ma\/?product=winner-inverter\" \/>\n<meta property=\"og:locale\" content=\"fr_FR\" \/>\n<meta property=\"og:type\" content=\"article\" \/>\n<meta property=\"og:title\" content=\"Winner INVERTER - Cooper &amp; Hunter\" \/>\n<meta property=\"og:description\" content=\"\u00ab\u00a0CH SMART-ION Filter\u00a0\u00bb &#8211; une nouvelle g\u00e9n\u00e9ration de technologie de purification totale de l&rsquo;air. Conformit\u00e9 totale \u00e0 la directive de l&rsquo;Union europ\u00e9enne ErP (Energy related Products) n\u00b0 626\/2011\/EU\u00a0valable depuis le 1-01-2013\u00a0pour les pompes \u00e0 chaleur et les climatiseurs domestiques SEER A++ SCOP A++. Fr\u00e9on haute performance sans danger pour la couche d&rsquo;ozone R410. T\u00e9l\u00e9commande haut [&hellip;]\" \/>\n<meta property=\"og:url\" content=\"https:\/\/cooperhunter.ma\/?product=winner-inverter\" \/>\n<meta property=\"og:site_name\" content=\"Cooper &amp; Hunter\" \/>\n<meta property=\"article:modified_time\" content=\"2024-08-03T14:08:51+00:00\" \/>\n<meta property=\"og:image\" content=\"https:\/\/cooperhunter.ma\/wp-content\/uploads\/2023\/03\/prod_20190128123621102.jpg\" \/>\n\t<meta property=\"og:image:width\" content=\"800\" \/>\n\t<meta property=\"og:image:height\" content=\"800\" \/>\n\t<meta property=\"og:image:type\" content=\"image\/jpeg\" \/>\n<meta name=\"twitter:card\" content=\"summary_large_image\" \/>\n<meta name=\"twitter:label1\" content=\"Dur\u00e9e de lecture estim\u00e9e\" \/>\n\t<meta name=\"twitter:data1\" content=\"1 minute\" \/>\n<script type=\"application\/ld+json\" class=\"yoast-schema-graph\">{\"@context\":\"https:\/\/schema.org\",\"@graph\":[{\"@type\":\"WebPage\",\"@id\":\"https:\/\/cooperhunter.ma\/?product=winner-inverter\",\"url\":\"https:\/\/cooperhunter.ma\/?product=winner-inverter\",\"name\":\"Winner INVERTER - Cooper &amp; Hunter\",\"isPartOf\":{\"@id\":\"https:\/\/cooperhunter.ma\/#website\"},\"datePublished\":\"2023-03-29T09:46:03+00:00\",\"dateModified\":\"2024-08-03T14:08:51+00:00\",\"breadcrumb\":{\"@id\":\"https:\/\/cooperhunter.ma\/?product=winner-inverter#breadcrumb\"},\"inLanguage\":\"fr-FR\",\"potentialAction\":[{\"@type\":\"ReadAction\",\"target\":[\"https:\/\/cooperhunter.ma\/?product=winner-inverter\"]}]},{\"@type\":\"BreadcrumbList\",\"@id\":\"https:\/\/cooperhunter.ma\/?product=winner-inverter#breadcrumb\",\"itemListElement\":[{\"@type\":\"ListItem\",\"position\":1,\"name\":\"Accueil\",\"item\":\"https:\/\/cooperhunter.ma\/\"},{\"@type\":\"ListItem\",\"position\":2,\"name\":\"Boutique\",\"item\":\"https:\/\/cooperhunter.ma\/?page_id=6\"},{\"@type\":\"ListItem\",\"position\":3,\"name\":\"Winner INVERTER\"}]},{\"@type\":\"WebSite\",\"@id\":\"https:\/\/cooperhunter.ma\/#website\",\"url\":\"https:\/\/cooperhunter.ma\/\",\"name\":\"Cooper &amp; Hunter\",\"description\":\"Climatisation Maroc\",\"publisher\":{\"@id\":\"https:\/\/cooperhunter.ma\/#organization\"},\"alternateName\":\"C&H - Climatiseurs Maroc\",\"potentialAction\":[{\"@type\":\"SearchAction\",\"target\":{\"@type\":\"EntryPoint\",\"urlTemplate\":\"https:\/\/cooperhunter.ma\/?s={search_term_string}\"},\"query-input\":\"required name=search_term_string\"}],\"inLanguage\":\"fr-FR\"},{\"@type\":\"Organization\",\"@id\":\"https:\/\/cooperhunter.ma\/#organization\",\"name\":\"Cooper & Hunter\",\"alternateName\":\"Cooper & Hunter\",\"url\":\"https:\/\/cooperhunter.ma\/\",\"logo\":{\"@type\":\"ImageObject\",\"inLanguage\":\"fr-FR\",\"@id\":\"https:\/\/cooperhunter.ma\/#\/schema\/logo\/image\/\",\"url\":\"https:\/\/cooperhunter.ma\/wp-content\/uploads\/2023\/03\/cropped-CH-LOGO-Q.png\",\"contentUrl\":\"https:\/\/cooperhunter.ma\/wp-content\/uploads\/2023\/03\/cropped-CH-LOGO-Q.png\",\"width\":1999,\"height\":938,\"caption\":\"Cooper & Hunter\"},\"image\":{\"@id\":\"https:\/\/cooperhunter.ma\/#\/schema\/logo\/image\/\"}}]}<\/script>\n<!-- \/ Yoast SEO plugin. -->","yoast_head_json":{"title":"Winner INVERTER - Cooper &amp; Hunter","robots":{"index":"index","follow":"follow","max-snippet":"max-snippet:-1","max-image-preview":"max-image-preview:large","max-video-preview":"max-video-preview:-1"},"canonical":"https:\/\/cooperhunter.ma\/?product=winner-inverter","og_locale":"fr_FR","og_type":"article","og_title":"Winner INVERTER - Cooper &amp; Hunter","og_description":"\u00ab\u00a0CH SMART-ION Filter\u00a0\u00bb &#8211; une nouvelle g\u00e9n\u00e9ration de technologie de purification totale de l&rsquo;air. Conformit\u00e9 totale \u00e0 la directive de l&rsquo;Union europ\u00e9enne ErP (Energy related Products) n\u00b0 626\/2011\/EU\u00a0valable depuis le 1-01-2013\u00a0pour les pompes \u00e0 chaleur et les climatiseurs domestiques SEER A++ SCOP A++. Fr\u00e9on haute performance sans danger pour la couche d&rsquo;ozone R410. T\u00e9l\u00e9commande haut [&hellip;]","og_url":"https:\/\/cooperhunter.ma\/?product=winner-inverter","og_site_name":"Cooper &amp; Hunter","article_modified_time":"2024-08-03T14:08:51+00:00","og_image":[{"width":800,"height":800,"url":"https:\/\/cooperhunter.ma\/wp-content\/uploads\/2023\/03\/prod_20190128123621102.jpg","type":"image\/jpeg"}],"twitter_card":"summary_large_image","twitter_misc":{"Dur\u00e9e de lecture estim\u00e9e":"1 minute"},"schema":{"@context":"https:\/\/schema.org","@graph":[{"@type":"WebPage","@id":"https:\/\/cooperhunter.ma\/?product=winner-inverter","url":"https:\/\/cooperhunter.ma\/?product=winner-inverter","name":"Winner INVERTER - Cooper &amp; Hunter","isPartOf":{"@id":"https:\/\/cooperhunter.ma\/#website"},"datePublished":"2023-03-29T09:46:03+00:00","dateModified":"2024-08-03T14:08:51+00:00","breadcrumb":{"@id":"https:\/\/cooperhunter.ma\/?product=winner-inverter#breadcrumb"},"inLanguage":"fr-FR","potentialAction":[{"@type":"ReadAction","target":["https:\/\/cooperhunter.ma\/?product=winner-inverter"]}]},{"@type":"BreadcrumbList","@id":"https:\/\/cooperhunter.ma\/?product=winner-inverter#breadcrumb","itemListElement":[{"@type":"ListItem","position":1,"name":"Accueil","item":"https:\/\/cooperhunter.ma\/"},{"@type":"ListItem","position":2,"name":"Boutique","item":"https:\/\/cooperhunter.ma\/?page_id=6"},{"@type":"ListItem","position":3,"name":"Winner INVERTER"}]},{"@type":"WebSite","@id":"https:\/\/cooperhunter.ma\/#website","url":"https:\/\/cooperhunter.ma\/","name":"Cooper &amp; Hunter","description":"Climatisation Maroc","publisher":{"@id":"https:\/\/cooperhunter.ma\/#organization"},"alternateName":"C&H - Climatiseurs Maroc","potentialAction":[{"@type":"SearchAction","target":{"@type":"EntryPoint","urlTemplate":"https:\/\/cooperhunter.ma\/?s={search_term_string}"},"query-input":"required name=search_term_string"}],"inLanguage":"fr-FR"},{"@type":"Organization","@id":"https:\/\/cooperhunter.ma\/#organization","name":"Cooper & Hunter","alternateName":"Cooper & Hunter","url":"https:\/\/cooperhunter.ma\/","logo":{"@type":"ImageObject","inLanguage":"fr-FR","@id":"https:\/\/cooperhunter.ma\/#\/schema\/logo\/image\/","url":"https:\/\/cooperhunter.ma\/wp-content\/uploads\/2023\/03\/cropped-CH-LOGO-Q.png","contentUrl":"https:\/\/cooperhunter.ma\/wp-content\/uploads\/2023\/03\/cropped-CH-LOGO-Q.png","width":1999,"height":938,"caption":"Cooper & Hunter"},"image":{"@id":"https:\/\/cooperhunter.ma\/#\/schema\/logo\/image\/"}}]}},"_links":{"self":[{"href":"https:\/\/cooperhunter.ma\/index.php?rest_route=\/wp\/v2\/product\/250","targetHints":{"allow":["GET"]}}],"collection":[{"href":"https:\/\/cooperhunter.ma\/index.php?rest_route=\/wp\/v2\/product"}],"about":[{"href":"https:\/\/cooperhunter.ma\/index.php?rest_route=\/wp\/v2\/types\/product"}],"replies":[{"embeddable":true,"href":"https:\/\/cooperhunter.ma\/index.php?rest_route=%2Fwp%2Fv2%2Fcomments&post=250"}],"wp:featuredmedia":[{"embeddable":true,"href":"https:\/\/cooperhunter.ma\/index.php?rest_route=\/wp\/v2\/media\/233"}],"wp:attachment":[{"href":"https:\/\/cooperhunter.ma\/index.php?rest_route=%2Fwp%2Fv2%2Fmedia&parent=250"}],"wp:term":[{"taxonomy":"product_cat","embeddable":true,"href":"https:\/\/cooperhunter.ma\/index.php?rest_route=%2Fwp%2Fv2%2Fproduct_cat&post=250"},{"taxonomy":"product_tag","embeddable":true,"href":"https:\/\/cooperhunter.ma\/index.php?rest_route=%2Fwp%2Fv2%2Fproduct_tag&post=250"}],"curies":[{"name":"wp","href":"https:\/\/api.w.org\/{rel}","templated":true}]}}