{"id":209,"date":"2023-03-25T11:58:06","date_gmt":"2023-03-25T11:58:06","guid":{"rendered":"https:\/\/cooperhunter.ma\/?post_type=product&#038;p=209"},"modified":"2023-03-31T12:45:40","modified_gmt":"2023-03-31T12:45:40","slug":"veritas-inverter","status":"publish","type":"product","link":"https:\/\/cooperhunter.ma\/?product=veritas-inverter","title":{"rendered":"Veritas INVERTER"},"content":{"rendered":"<ul>\n<li><span>\u00ab\u00a0CH 7 &#8211; SKY Technology\u00a0\u00bb &#8211; un syst\u00e8me de filtration complexe bas\u00e9 sur sept filtres \u00e0 large spectre d&rsquo;action.<\/span><\/li>\n<li><span>Module Wi-Fi pour la possibilit\u00e9 de contr\u00f4ler le climatiseur via Smartphone \/ Tablette (OS : Android, iOS).<\/span><\/li>\n<li><span>\u00ab\u00a0Filtre CH SMART-ION\u00a0\u00bb &#8211; technologie de purification totale de l&rsquo;air de nouvelle g\u00e9n\u00e9ration.<\/span><\/li>\n<li><span>Fonctionnement de -15 \u00b0C \u00e0 +48 \u00b0C pour le refroidissement et de -15 \u00b0C \u00e0 +24 \u00b0C pour le chauffage.<\/span><\/li>\n<li><span>\u00c9quipements \u00e9conomes en \u00e9nergie haut de gamme GENERATON VI (contr\u00f4le qualit\u00e9 accru de l&rsquo;assemblage et des mat\u00e9riaux).<\/span><\/li>\n<li><span>Logiciel avanc\u00e9 qui optimise le fonctionnement du climatiseur dans une large gamme de fr\u00e9quences de rotation du compresseur .<\/span><\/li>\n<li><span>Autonettoyage de l&rsquo;unit\u00e9 int\u00e9rieure.<\/span><\/li>\n<li><span>T\u00e9l\u00e9commande haut de gamme avec un nouveau bo\u00eetier ergonomique, un \u00e9clairage nocturne et un rev\u00eatement bact\u00e9ricide.<\/span><\/li>\n<li><span>La fonction \u00ab\u00a0I FEEL\u00a0\u00bb est un capteur de temp\u00e9rature int\u00e9gr\u00e9 dans la t\u00e9l\u00e9commande.\u00a0Pr\u00e9cision du maintien de la temp\u00e9rature 0,5 \u00b0C.<\/span><\/li>\n<li><span>Technologie \u00ab\u00a0I-Action\u00a0\u00bb &#8211; fonctionnement fluide et stable du compresseur \u00e0 ultra-basses fr\u00e9quences (1Hz).<\/span><\/li>\n<li><span>Fonctionnement ininterrompu dans la plage de 96 V \u00e0 260 V. Transformateur innovant de petite taille.<\/span><\/li>\n<li><span>Prot\u00e9gez votre habitation du gel : fonction \u00ab\u00a08 degr\u00e9s\u00a0\u00bb.\u00a0Le climatiseur maintiendra une temp\u00e9rature de 8 \u00b0C, emp\u00eachant la pi\u00e8ce de geler et consommant un minimum d&rsquo;\u00e9lectricit\u00e9.<\/span><\/li>\n<li><span>Stores grand angle qui couvrent tout le volume de la pi\u00e8ce.<\/span><\/li>\n<li><span>Protection contre le givrage de l&rsquo;unit\u00e9 ext\u00e9rieure.<\/span><\/li>\n<li><span>Minuterie 24 heures.<\/span><\/li>\n<li><span>Rev\u00eatement \u00ab\u00a0BLUE-FIN\u00a0\u00bb.<\/span><\/li>\n<li><span>Maintien confortable de la temp\u00e9rature en mode nuit \u00ab\u00a0SLEEP\u00a0\u00bb.<\/span><\/li>\n<li><span>Vidange autonome.<\/span><\/li>\n<li><span>Protection du compresseur.<\/span><\/li>\n<li><span>D\u00e9marrage \u00e0 basse temp\u00e9rature de l&rsquo;air ext\u00e9rieur .<\/span><\/li>\n<li><span>Bo\u00eetier facilement d\u00e9montable pour une installation et un nettoyage rapides.<\/span><\/li>\n<li><span>Fonction \u00ab\u00a0Autorestart\u00a0\u00bb &#8211; red\u00e9marrage automatique avec m\u00e9morisation des param\u00e8tres.<\/span><\/li>\n<li><span>Autodiagnostic des dysfonctionnements des unit\u00e9s principales et des modes, protection absolue contre les actions incorrectes de l&rsquo;utilisateur avec indication d&rsquo;erreur sur l&rsquo;\u00e9cran.<\/span><\/li>\n<li><span>Conformit\u00e9 totale \u00e0 la directive de l&rsquo;Union europ\u00e9enne ErP (produits li\u00e9s \u00e0 l&rsquo;\u00e9nergie) n\u00b0 626\/2011\/UE en vigueur \u00e0 partir du 01-01-2013 pour les pompes \u00e0 chaleur et les climatiseurs domestiques SEER A++ SCOP.<\/span><\/li>\n<\/ul>\n","protected":false},"excerpt":{"rendered":"<p>\u00ab\u00a0CH 7 &#8211; SKY Technology\u00a0\u00bb &#8211; un syst\u00e8me de filtration complexe bas\u00e9 sur sept filtres \u00e0 large spectre d&rsquo;action. Module Wi-Fi pour la possibilit\u00e9 de contr\u00f4ler le climatiseur via Smartphone \/ Tablette (OS : Android, iOS). \u00ab\u00a0Filtre CH SMART-ION\u00a0\u00bb &#8211; technologie de purification totale de l&rsquo;air de nouvelle g\u00e9n\u00e9ration. Fonctionnement de -15 \u00b0C \u00e0 +48 [&hellip;]<\/p>\n","protected":false},"featured_media":215,"comment_status":"open","ping_status":"closed","template":"","meta":[],"product_cat":[30,31],"product_tag":[],"class_list":{"0":"post-209","1":"product","2":"type-product","3":"status-publish","4":"has-post-thumbnail","6":"product_cat-climatiseurs","7":"product_cat-systeme-split","9":"first","10":"instock","11":"sale","12":"featured","13":"shipping-taxable","14":"purchasable","15":"product-type-variable"},"yoast_head":"<!-- This site is optimized with the Yoast SEO plugin v20.4 - https:\/\/yoast.com\/wordpress\/plugins\/seo\/ -->\n<title>Veritas INVERTER - Cooper &amp; Hunter<\/title>\n<meta name=\"robots\" content=\"index, follow, max-snippet:-1, max-image-preview:large, max-video-preview:-1\" \/>\n<link rel=\"canonical\" href=\"https:\/\/cooperhunter.ma\/?product=veritas-inverter\" \/>\n<meta property=\"og:locale\" content=\"fr_FR\" \/>\n<meta property=\"og:type\" content=\"article\" \/>\n<meta property=\"og:title\" content=\"Veritas INVERTER - Cooper &amp; Hunter\" \/>\n<meta property=\"og:description\" content=\"\u00ab\u00a0CH 7 &#8211; SKY Technology\u00a0\u00bb &#8211; un syst\u00e8me de filtration complexe bas\u00e9 sur sept filtres \u00e0 large spectre d&rsquo;action. Module Wi-Fi pour la possibilit\u00e9 de contr\u00f4ler le climatiseur via Smartphone \/ Tablette (OS : Android, iOS). \u00ab\u00a0Filtre CH SMART-ION\u00a0\u00bb &#8211; technologie de purification totale de l&rsquo;air de nouvelle g\u00e9n\u00e9ration. Fonctionnement de -15 \u00b0C \u00e0 +48 [&hellip;]\" \/>\n<meta property=\"og:url\" content=\"https:\/\/cooperhunter.ma\/?product=veritas-inverter\" \/>\n<meta property=\"og:site_name\" content=\"Cooper &amp; Hunter\" \/>\n<meta property=\"article:modified_time\" content=\"2023-03-31T12:45:40+00:00\" \/>\n<meta property=\"og:image\" content=\"https:\/\/cooperhunter.ma\/wp-content\/uploads\/2023\/03\/prod_20230301152717284.jpg\" \/>\n\t<meta property=\"og:image:width\" content=\"1200\" \/>\n\t<meta property=\"og:image:height\" content=\"1200\" \/>\n\t<meta property=\"og:image:type\" content=\"image\/jpeg\" \/>\n<meta name=\"twitter:card\" content=\"summary_large_image\" \/>\n<meta name=\"twitter:label1\" content=\"Dur\u00e9e de lecture estim\u00e9e\" \/>\n\t<meta name=\"twitter:data1\" content=\"2 minutes\" \/>\n<script type=\"application\/ld+json\" class=\"yoast-schema-graph\">{\"@context\":\"https:\/\/schema.org\",\"@graph\":[{\"@type\":\"WebPage\",\"@id\":\"https:\/\/cooperhunter.ma\/?product=veritas-inverter\",\"url\":\"https:\/\/cooperhunter.ma\/?product=veritas-inverter\",\"name\":\"Veritas INVERTER - Cooper &amp; Hunter\",\"isPartOf\":{\"@id\":\"https:\/\/cooperhunter.ma\/#website\"},\"datePublished\":\"2023-03-25T11:58:06+00:00\",\"dateModified\":\"2023-03-31T12:45:40+00:00\",\"breadcrumb\":{\"@id\":\"https:\/\/cooperhunter.ma\/?product=veritas-inverter#breadcrumb\"},\"inLanguage\":\"fr-FR\",\"potentialAction\":[{\"@type\":\"ReadAction\",\"target\":[\"https:\/\/cooperhunter.ma\/?product=veritas-inverter\"]}]},{\"@type\":\"BreadcrumbList\",\"@id\":\"https:\/\/cooperhunter.ma\/?product=veritas-inverter#breadcrumb\",\"itemListElement\":[{\"@type\":\"ListItem\",\"position\":1,\"name\":\"Accueil\",\"item\":\"https:\/\/cooperhunter.ma\/\"},{\"@type\":\"ListItem\",\"position\":2,\"name\":\"Boutique\",\"item\":\"https:\/\/cooperhunter.ma\/?page_id=6\"},{\"@type\":\"ListItem\",\"position\":3,\"name\":\"Veritas INVERTER\"}]},{\"@type\":\"WebSite\",\"@id\":\"https:\/\/cooperhunter.ma\/#website\",\"url\":\"https:\/\/cooperhunter.ma\/\",\"name\":\"Cooper &amp; Hunter\",\"description\":\"Climatisation Maroc\",\"publisher\":{\"@id\":\"https:\/\/cooperhunter.ma\/#organization\"},\"alternateName\":\"C&H - Climatiseurs Maroc\",\"potentialAction\":[{\"@type\":\"SearchAction\",\"target\":{\"@type\":\"EntryPoint\",\"urlTemplate\":\"https:\/\/cooperhunter.ma\/?s={search_term_string}\"},\"query-input\":\"required name=search_term_string\"}],\"inLanguage\":\"fr-FR\"},{\"@type\":\"Organization\",\"@id\":\"https:\/\/cooperhunter.ma\/#organization\",\"name\":\"Cooper & Hunter\",\"alternateName\":\"Cooper & Hunter\",\"url\":\"https:\/\/cooperhunter.ma\/\",\"logo\":{\"@type\":\"ImageObject\",\"inLanguage\":\"fr-FR\",\"@id\":\"https:\/\/cooperhunter.ma\/#\/schema\/logo\/image\/\",\"url\":\"https:\/\/cooperhunter.ma\/wp-content\/uploads\/2023\/03\/cropped-CH-LOGO-Q.png\",\"contentUrl\":\"https:\/\/cooperhunter.ma\/wp-content\/uploads\/2023\/03\/cropped-CH-LOGO-Q.png\",\"width\":1999,\"height\":938,\"caption\":\"Cooper & Hunter\"},\"image\":{\"@id\":\"https:\/\/cooperhunter.ma\/#\/schema\/logo\/image\/\"}}]}<\/script>\n<!-- \/ Yoast SEO plugin. -->","yoast_head_json":{"title":"Veritas INVERTER - Cooper &amp; Hunter","robots":{"index":"index","follow":"follow","max-snippet":"max-snippet:-1","max-image-preview":"max-image-preview:large","max-video-preview":"max-video-preview:-1"},"canonical":"https:\/\/cooperhunter.ma\/?product=veritas-inverter","og_locale":"fr_FR","og_type":"article","og_title":"Veritas INVERTER - Cooper &amp; Hunter","og_description":"\u00ab\u00a0CH 7 &#8211; SKY Technology\u00a0\u00bb &#8211; un syst\u00e8me de filtration complexe bas\u00e9 sur sept filtres \u00e0 large spectre d&rsquo;action. Module Wi-Fi pour la possibilit\u00e9 de contr\u00f4ler le climatiseur via Smartphone \/ Tablette (OS : Android, iOS). \u00ab\u00a0Filtre CH SMART-ION\u00a0\u00bb &#8211; technologie de purification totale de l&rsquo;air de nouvelle g\u00e9n\u00e9ration. Fonctionnement de -15 \u00b0C \u00e0 +48 [&hellip;]","og_url":"https:\/\/cooperhunter.ma\/?product=veritas-inverter","og_site_name":"Cooper &amp; Hunter","article_modified_time":"2023-03-31T12:45:40+00:00","og_image":[{"width":1200,"height":1200,"url":"https:\/\/cooperhunter.ma\/wp-content\/uploads\/2023\/03\/prod_20230301152717284.jpg","type":"image\/jpeg"}],"twitter_card":"summary_large_image","twitter_misc":{"Dur\u00e9e de lecture estim\u00e9e":"2 minutes"},"schema":{"@context":"https:\/\/schema.org","@graph":[{"@type":"WebPage","@id":"https:\/\/cooperhunter.ma\/?product=veritas-inverter","url":"https:\/\/cooperhunter.ma\/?product=veritas-inverter","name":"Veritas INVERTER - Cooper &amp; Hunter","isPartOf":{"@id":"https:\/\/cooperhunter.ma\/#website"},"datePublished":"2023-03-25T11:58:06+00:00","dateModified":"2023-03-31T12:45:40+00:00","breadcrumb":{"@id":"https:\/\/cooperhunter.ma\/?product=veritas-inverter#breadcrumb"},"inLanguage":"fr-FR","potentialAction":[{"@type":"ReadAction","target":["https:\/\/cooperhunter.ma\/?product=veritas-inverter"]}]},{"@type":"BreadcrumbList","@id":"https:\/\/cooperhunter.ma\/?product=veritas-inverter#breadcrumb","itemListElement":[{"@type":"ListItem","position":1,"name":"Accueil","item":"https:\/\/cooperhunter.ma\/"},{"@type":"ListItem","position":2,"name":"Boutique","item":"https:\/\/cooperhunter.ma\/?page_id=6"},{"@type":"ListItem","position":3,"name":"Veritas INVERTER"}]},{"@type":"WebSite","@id":"https:\/\/cooperhunter.ma\/#website","url":"https:\/\/cooperhunter.ma\/","name":"Cooper &amp; Hunter","description":"Climatisation Maroc","publisher":{"@id":"https:\/\/cooperhunter.ma\/#organization"},"alternateName":"C&H - Climatiseurs Maroc","potentialAction":[{"@type":"SearchAction","target":{"@type":"EntryPoint","urlTemplate":"https:\/\/cooperhunter.ma\/?s={search_term_string}"},"query-input":"required name=search_term_string"}],"inLanguage":"fr-FR"},{"@type":"Organization","@id":"https:\/\/cooperhunter.ma\/#organization","name":"Cooper & Hunter","alternateName":"Cooper & Hunter","url":"https:\/\/cooperhunter.ma\/","logo":{"@type":"ImageObject","inLanguage":"fr-FR","@id":"https:\/\/cooperhunter.ma\/#\/schema\/logo\/image\/","url":"https:\/\/cooperhunter.ma\/wp-content\/uploads\/2023\/03\/cropped-CH-LOGO-Q.png","contentUrl":"https:\/\/cooperhunter.ma\/wp-content\/uploads\/2023\/03\/cropped-CH-LOGO-Q.png","width":1999,"height":938,"caption":"Cooper & Hunter"},"image":{"@id":"https:\/\/cooperhunter.ma\/#\/schema\/logo\/image\/"}}]}},"_links":{"self":[{"href":"https:\/\/cooperhunter.ma\/index.php?rest_route=\/wp\/v2\/product\/209","targetHints":{"allow":["GET"]}}],"collection":[{"href":"https:\/\/cooperhunter.ma\/index.php?rest_route=\/wp\/v2\/product"}],"about":[{"href":"https:\/\/cooperhunter.ma\/index.php?rest_route=\/wp\/v2\/types\/product"}],"replies":[{"embeddable":true,"href":"https:\/\/cooperhunter.ma\/index.php?rest_route=%2Fwp%2Fv2%2Fcomments&post=209"}],"wp:featuredmedia":[{"embeddable":true,"href":"https:\/\/cooperhunter.ma\/index.php?rest_route=\/wp\/v2\/media\/215"}],"wp:attachment":[{"href":"https:\/\/cooperhunter.ma\/index.php?rest_route=%2Fwp%2Fv2%2Fmedia&parent=209"}],"wp:term":[{"taxonomy":"product_cat","embeddable":true,"href":"https:\/\/cooperhunter.ma\/index.php?rest_route=%2Fwp%2Fv2%2Fproduct_cat&post=209"},{"taxonomy":"product_tag","embeddable":true,"href":"https:\/\/cooperhunter.ma\/index.php?rest_route=%2Fwp%2Fv2%2Fproduct_tag&post=209"}],"curies":[{"name":"wp","href":"https:\/\/api.w.org\/{rel}","templated":true}]}}