{"id":152,"date":"2023-03-20T16:03:38","date_gmt":"2023-03-20T16:03:38","guid":{"rendered":"https:\/\/cooperhunter.ma\/?post_type=product&#038;p=152"},"modified":"2023-03-31T12:28:48","modified_gmt":"2023-03-31T12:28:48","slug":"prima-plus-on-off","status":"publish","type":"product","link":"https:\/\/cooperhunter.ma\/?product=prima-plus-on-off","title":{"rendered":"Prima Plus ON\/OFF"},"content":{"rendered":"<ul>\n<li>\u00ab\u00a0Filtre CH SMART-ION\u00a0\u00bb &#8211; technologie de purification totale de l&rsquo;air de nouvelle g\u00e9n\u00e9ration.<\/li>\n<li>Con\u00e7u pour les installations professionnelles.<\/li>\n<li>Protection de la maison contre le gel +8\u00b0C.<\/li>\n<li>Autonettoyage de l&rsquo;unit\u00e9 int\u00e9rieure. Une fois que le climatiseur a cess\u00e9 de fonctionner, le ventilateur ne s&rsquo;arr\u00eate pas et \u00e9limine l&rsquo;humidit\u00e9 de l&rsquo;\u00e9changeur de chaleur, ce qui emp\u00eache la formation de moisissures, de champignons et de bact\u00e9ries \u00e0 l&rsquo;int\u00e9rieur de l&rsquo;appareil.<\/li>\n<li>Fonction sp\u00e9ciale de contr\u00f4le de la temp\u00e9rature \u00ab\u00a0I FEEL\u00a0\u00bb.<\/li>\n<li>Niveau sonore extra faible de 24 dB.<\/li>\n<li>Classe d&rsquo;efficacit\u00e9 \u00e9nerg\u00e9tique.<\/li>\n<li>D\u00e9givrage intelligent.<\/li>\n<li>Conception de bloc moderne et innovante.<\/li>\n<li>T\u00e9l\u00e9commande avec affichage LED pratique.<\/li>\n<li>Affichage de l&rsquo;heure actuelle sur la t\u00e9l\u00e9commande D\/U.<\/li>\n<li>consommation 1B en mode \u00ab\u00a0Veille\u00a0\u00bb.Fr\u00e9on R410 hautement efficace sans danger pour l&rsquo;ozone\u00a0;<br \/>\nConception compacte de haute technologie.<\/li>\n<li>Largeur 698 millim\u00e8tres.<\/li>\n<li>Les stores grand angle couvrent tout le volume de la pi\u00e8ce en mode de r\u00e9partition d&rsquo;air automatique SWING. Neuf options diff\u00e9rentes pour les positions des stores verticaux d\u00e9finies \u00e0 partir de la t\u00e9l\u00e9commande.<\/li>\n<li>Auto-nettoyage et s\u00e9chage de l&rsquo;unit\u00e9 int\u00e9rieure. \u00c9limination automatique de l&rsquo;humidit\u00e9 de l&rsquo;\u00e9changeur de chaleur. Emp\u00eache la formation de moisissures, de champignons et la reproduction de bact\u00e9ries \u00e0 l&rsquo;int\u00e9rieur du bloc.<\/li>\n<li>Mode sommeil confortable SLEER.<\/li>\n<li>Contr\u00f4le intelligent en mode AUTO &#8211; changement automatique des modes de fonctionnement, en fonction des changements de temp\u00e9rature dans la pi\u00e8ce.<\/li>\n<li>Minuterie marche\/arr\u00eat 24 heures.<\/li>\n<li>Mode Turbo. marche\/arr\u00eat d&rsquo;une simple pression sur le bouton de vitesse maximale du ventilateur pour un refroidissement ou un chauffage intensif de l&rsquo;air dans la pi\u00e8ce.<\/li>\n<li>Retard de d\u00e9marrage du ventilateur, afin d&rsquo;exclure le soufflage d&rsquo;air froid.<\/li>\n<li>Fonction de r\u00e9duction d&rsquo;humidit\u00e9 sans r\u00e9duction de temp\u00e9rature.<\/li>\n<li>Rev\u00eatement anticorrosion du bo\u00eetier de l&rsquo;unit\u00e9 ext\u00e9rieure.<\/li>\n<li>Fonction de maintien de la temp\u00e9rature \u00e0 8\u00b0C.<\/li>\n<li>Rev\u00eatement bact\u00e9ricide de la t\u00e9l\u00e9commande.<\/li>\n<li>\u00c9changeur de chaleur avec rev\u00eatement anti-corrosion GREEN-FIN.<\/li>\n<li>Fonction de red\u00e9marrage automatique avec m\u00e9moire de r\u00e9glages.<\/li>\n<li>Syst\u00e8me antigivrage automatique.<\/li>\n<li>Activation \/ d\u00e9sactivation forc\u00e9e de la fonction d\u00e9givrage depuis la t\u00e9l\u00e9commande.<\/li>\n<li>Syst\u00e8me de stabilisation de la tension et d\u00e9marrage s\u00fbr \u00e0 basse tension.<\/li>\n<li>Autodiagnostic des dysfonctionnements des principales unit\u00e9s et modes.<\/li>\n<li>Verrouillage des commandes.<\/li>\n<\/ul>\n","protected":false},"excerpt":{"rendered":"<p>\u00ab\u00a0Filtre CH SMART-ION\u00a0\u00bb &#8211; technologie de purification totale de l&rsquo;air de nouvelle g\u00e9n\u00e9ration. Con\u00e7u pour les installations professionnelles. Protection de la maison contre le gel +8\u00b0C. Autonettoyage de l&rsquo;unit\u00e9 int\u00e9rieure. Une fois que le climatiseur a cess\u00e9 de fonctionner, le ventilateur ne s&rsquo;arr\u00eate pas et \u00e9limine l&rsquo;humidit\u00e9 de l&rsquo;\u00e9changeur de chaleur, ce qui emp\u00eache la [&hellip;]<\/p>\n","protected":false},"featured_media":158,"comment_status":"open","ping_status":"closed","template":"","meta":[],"product_cat":[30,31],"product_tag":[],"class_list":{"0":"post-152","1":"product","2":"type-product","3":"status-publish","4":"has-post-thumbnail","6":"product_cat-climatiseurs","7":"product_cat-systeme-split","9":"first","10":"instock","11":"sale","12":"featured","13":"shipping-taxable","14":"purchasable","15":"product-type-variable"},"yoast_head":"<!-- This site is optimized with the Yoast SEO plugin v20.4 - https:\/\/yoast.com\/wordpress\/plugins\/seo\/ -->\n<title>Prima Plus ON\/OFF - Cooper &amp; Hunter<\/title>\n<meta name=\"robots\" content=\"index, follow, max-snippet:-1, max-image-preview:large, max-video-preview:-1\" \/>\n<link rel=\"canonical\" href=\"https:\/\/cooperhunter.ma\/?product=prima-plus-on-off\" \/>\n<meta property=\"og:locale\" content=\"fr_FR\" \/>\n<meta property=\"og:type\" content=\"article\" \/>\n<meta property=\"og:title\" content=\"Prima Plus ON\/OFF - Cooper &amp; Hunter\" \/>\n<meta property=\"og:description\" content=\"\u00ab\u00a0Filtre CH SMART-ION\u00a0\u00bb &#8211; technologie de purification totale de l&rsquo;air de nouvelle g\u00e9n\u00e9ration. Con\u00e7u pour les installations professionnelles. Protection de la maison contre le gel +8\u00b0C. Autonettoyage de l&rsquo;unit\u00e9 int\u00e9rieure. Une fois que le climatiseur a cess\u00e9 de fonctionner, le ventilateur ne s&rsquo;arr\u00eate pas et \u00e9limine l&rsquo;humidit\u00e9 de l&rsquo;\u00e9changeur de chaleur, ce qui emp\u00eache la [&hellip;]\" \/>\n<meta property=\"og:url\" content=\"https:\/\/cooperhunter.ma\/?product=prima-plus-on-off\" \/>\n<meta property=\"og:site_name\" content=\"Cooper &amp; Hunter\" \/>\n<meta property=\"article:modified_time\" content=\"2023-03-31T12:28:48+00:00\" \/>\n<meta property=\"og:image\" content=\"https:\/\/cooperhunter.ma\/wp-content\/uploads\/2023\/03\/p1.jpg\" \/>\n\t<meta property=\"og:image:width\" content=\"600\" \/>\n\t<meta property=\"og:image:height\" content=\"600\" \/>\n\t<meta property=\"og:image:type\" content=\"image\/jpeg\" \/>\n<meta name=\"twitter:card\" content=\"summary_large_image\" \/>\n<meta name=\"twitter:label1\" content=\"Dur\u00e9e de lecture estim\u00e9e\" \/>\n\t<meta name=\"twitter:data1\" content=\"2 minutes\" \/>\n<script type=\"application\/ld+json\" class=\"yoast-schema-graph\">{\"@context\":\"https:\/\/schema.org\",\"@graph\":[{\"@type\":\"WebPage\",\"@id\":\"https:\/\/cooperhunter.ma\/?product=prima-plus-on-off\",\"url\":\"https:\/\/cooperhunter.ma\/?product=prima-plus-on-off\",\"name\":\"Prima Plus ON\/OFF - Cooper &amp; Hunter\",\"isPartOf\":{\"@id\":\"https:\/\/cooperhunter.ma\/#website\"},\"datePublished\":\"2023-03-20T16:03:38+00:00\",\"dateModified\":\"2023-03-31T12:28:48+00:00\",\"breadcrumb\":{\"@id\":\"https:\/\/cooperhunter.ma\/?product=prima-plus-on-off#breadcrumb\"},\"inLanguage\":\"fr-FR\",\"potentialAction\":[{\"@type\":\"ReadAction\",\"target\":[\"https:\/\/cooperhunter.ma\/?product=prima-plus-on-off\"]}]},{\"@type\":\"BreadcrumbList\",\"@id\":\"https:\/\/cooperhunter.ma\/?product=prima-plus-on-off#breadcrumb\",\"itemListElement\":[{\"@type\":\"ListItem\",\"position\":1,\"name\":\"Accueil\",\"item\":\"https:\/\/cooperhunter.ma\/\"},{\"@type\":\"ListItem\",\"position\":2,\"name\":\"Boutique\",\"item\":\"https:\/\/cooperhunter.ma\/?page_id=6\"},{\"@type\":\"ListItem\",\"position\":3,\"name\":\"Prima Plus ON\/OFF\"}]},{\"@type\":\"WebSite\",\"@id\":\"https:\/\/cooperhunter.ma\/#website\",\"url\":\"https:\/\/cooperhunter.ma\/\",\"name\":\"Cooper &amp; Hunter\",\"description\":\"Climatisation Maroc\",\"publisher\":{\"@id\":\"https:\/\/cooperhunter.ma\/#organization\"},\"alternateName\":\"C&H - Climatiseurs Maroc\",\"potentialAction\":[{\"@type\":\"SearchAction\",\"target\":{\"@type\":\"EntryPoint\",\"urlTemplate\":\"https:\/\/cooperhunter.ma\/?s={search_term_string}\"},\"query-input\":\"required name=search_term_string\"}],\"inLanguage\":\"fr-FR\"},{\"@type\":\"Organization\",\"@id\":\"https:\/\/cooperhunter.ma\/#organization\",\"name\":\"Cooper & Hunter\",\"alternateName\":\"Cooper & Hunter\",\"url\":\"https:\/\/cooperhunter.ma\/\",\"logo\":{\"@type\":\"ImageObject\",\"inLanguage\":\"fr-FR\",\"@id\":\"https:\/\/cooperhunter.ma\/#\/schema\/logo\/image\/\",\"url\":\"https:\/\/cooperhunter.ma\/wp-content\/uploads\/2023\/03\/cropped-CH-LOGO-Q.png\",\"contentUrl\":\"https:\/\/cooperhunter.ma\/wp-content\/uploads\/2023\/03\/cropped-CH-LOGO-Q.png\",\"width\":1999,\"height\":938,\"caption\":\"Cooper & Hunter\"},\"image\":{\"@id\":\"https:\/\/cooperhunter.ma\/#\/schema\/logo\/image\/\"}}]}<\/script>\n<!-- \/ Yoast SEO plugin. -->","yoast_head_json":{"title":"Prima Plus ON\/OFF - Cooper &amp; Hunter","robots":{"index":"index","follow":"follow","max-snippet":"max-snippet:-1","max-image-preview":"max-image-preview:large","max-video-preview":"max-video-preview:-1"},"canonical":"https:\/\/cooperhunter.ma\/?product=prima-plus-on-off","og_locale":"fr_FR","og_type":"article","og_title":"Prima Plus ON\/OFF - Cooper &amp; Hunter","og_description":"\u00ab\u00a0Filtre CH SMART-ION\u00a0\u00bb &#8211; technologie de purification totale de l&rsquo;air de nouvelle g\u00e9n\u00e9ration. Con\u00e7u pour les installations professionnelles. Protection de la maison contre le gel +8\u00b0C. Autonettoyage de l&rsquo;unit\u00e9 int\u00e9rieure. Une fois que le climatiseur a cess\u00e9 de fonctionner, le ventilateur ne s&rsquo;arr\u00eate pas et \u00e9limine l&rsquo;humidit\u00e9 de l&rsquo;\u00e9changeur de chaleur, ce qui emp\u00eache la [&hellip;]","og_url":"https:\/\/cooperhunter.ma\/?product=prima-plus-on-off","og_site_name":"Cooper &amp; Hunter","article_modified_time":"2023-03-31T12:28:48+00:00","og_image":[{"width":600,"height":600,"url":"https:\/\/cooperhunter.ma\/wp-content\/uploads\/2023\/03\/p1.jpg","type":"image\/jpeg"}],"twitter_card":"summary_large_image","twitter_misc":{"Dur\u00e9e de lecture estim\u00e9e":"2 minutes"},"schema":{"@context":"https:\/\/schema.org","@graph":[{"@type":"WebPage","@id":"https:\/\/cooperhunter.ma\/?product=prima-plus-on-off","url":"https:\/\/cooperhunter.ma\/?product=prima-plus-on-off","name":"Prima Plus ON\/OFF - Cooper &amp; Hunter","isPartOf":{"@id":"https:\/\/cooperhunter.ma\/#website"},"datePublished":"2023-03-20T16:03:38+00:00","dateModified":"2023-03-31T12:28:48+00:00","breadcrumb":{"@id":"https:\/\/cooperhunter.ma\/?product=prima-plus-on-off#breadcrumb"},"inLanguage":"fr-FR","potentialAction":[{"@type":"ReadAction","target":["https:\/\/cooperhunter.ma\/?product=prima-plus-on-off"]}]},{"@type":"BreadcrumbList","@id":"https:\/\/cooperhunter.ma\/?product=prima-plus-on-off#breadcrumb","itemListElement":[{"@type":"ListItem","position":1,"name":"Accueil","item":"https:\/\/cooperhunter.ma\/"},{"@type":"ListItem","position":2,"name":"Boutique","item":"https:\/\/cooperhunter.ma\/?page_id=6"},{"@type":"ListItem","position":3,"name":"Prima Plus ON\/OFF"}]},{"@type":"WebSite","@id":"https:\/\/cooperhunter.ma\/#website","url":"https:\/\/cooperhunter.ma\/","name":"Cooper &amp; Hunter","description":"Climatisation Maroc","publisher":{"@id":"https:\/\/cooperhunter.ma\/#organization"},"alternateName":"C&H - Climatiseurs Maroc","potentialAction":[{"@type":"SearchAction","target":{"@type":"EntryPoint","urlTemplate":"https:\/\/cooperhunter.ma\/?s={search_term_string}"},"query-input":"required name=search_term_string"}],"inLanguage":"fr-FR"},{"@type":"Organization","@id":"https:\/\/cooperhunter.ma\/#organization","name":"Cooper & Hunter","alternateName":"Cooper & Hunter","url":"https:\/\/cooperhunter.ma\/","logo":{"@type":"ImageObject","inLanguage":"fr-FR","@id":"https:\/\/cooperhunter.ma\/#\/schema\/logo\/image\/","url":"https:\/\/cooperhunter.ma\/wp-content\/uploads\/2023\/03\/cropped-CH-LOGO-Q.png","contentUrl":"https:\/\/cooperhunter.ma\/wp-content\/uploads\/2023\/03\/cropped-CH-LOGO-Q.png","width":1999,"height":938,"caption":"Cooper & Hunter"},"image":{"@id":"https:\/\/cooperhunter.ma\/#\/schema\/logo\/image\/"}}]}},"_links":{"self":[{"href":"https:\/\/cooperhunter.ma\/index.php?rest_route=\/wp\/v2\/product\/152","targetHints":{"allow":["GET"]}}],"collection":[{"href":"https:\/\/cooperhunter.ma\/index.php?rest_route=\/wp\/v2\/product"}],"about":[{"href":"https:\/\/cooperhunter.ma\/index.php?rest_route=\/wp\/v2\/types\/product"}],"replies":[{"embeddable":true,"href":"https:\/\/cooperhunter.ma\/index.php?rest_route=%2Fwp%2Fv2%2Fcomments&post=152"}],"wp:featuredmedia":[{"embeddable":true,"href":"https:\/\/cooperhunter.ma\/index.php?rest_route=\/wp\/v2\/media\/158"}],"wp:attachment":[{"href":"https:\/\/cooperhunter.ma\/index.php?rest_route=%2Fwp%2Fv2%2Fmedia&parent=152"}],"wp:term":[{"taxonomy":"product_cat","embeddable":true,"href":"https:\/\/cooperhunter.ma\/index.php?rest_route=%2Fwp%2Fv2%2Fproduct_cat&post=152"},{"taxonomy":"product_tag","embeddable":true,"href":"https:\/\/cooperhunter.ma\/index.php?rest_route=%2Fwp%2Fv2%2Fproduct_tag&post=152"}],"curies":[{"name":"wp","href":"https:\/\/api.w.org\/{rel}","templated":true}]}}