{"id":520,"date":"2023-04-04T15:37:44","date_gmt":"2023-04-04T15:37:44","guid":{"rendered":"https:\/\/cooperhunter.ma\/?page_id=520"},"modified":"2023-04-05T13:56:55","modified_gmt":"2023-04-05T13:56:55","slug":"a-propos","status":"publish","type":"page","link":"https:\/\/cooperhunter.ma\/?page_id=520","title":{"rendered":"\u00c0 propos"},"content":{"rendered":"\n<div class=\"wp-block-columns is-layout-flex wp-container-core-columns-is-layout-9d6595d7 wp-block-columns-is-layout-flex\">\n<div class=\"wp-block-column is-layout-flow wp-block-column-is-layout-flow\">\n<h2 class=\"wp-block-heading\">HISTOIRE DE COOPER&amp;HUNTER<\/h2>\n\n\n\n<p>Avec plus de 20 ans d&rsquo;exp\u00e9rience dans la climatisation et la ventilation, Cooper&amp;Hunter est devenu un acteur de premier plan sur le march\u00e9 du CVC.&nbsp;Les produits sous la marque Cooper&amp;Hunter sont export\u00e9s dans plus de 50 pays et r\u00e9gions du monde.&nbsp;Depuis son implication sur les march\u00e9s \u00e9trangers, Cooper&amp;Hunter est devenue une marque bien connue avec une croissance rapide du volume des ventes \u00e0 l&rsquo;exportation, ajoutant de nouveaux march\u00e9s chaque ann\u00e9e.<\/p>\n\n\n\n<p>En 2017, la soci\u00e9t\u00e9 a conclu des accords d\u00e9finitifs pour un partenariat strat\u00e9gique \u00e0 long terme avec Zhuhai Vino Environmental Technology Equipment Co. LTD et l&rsquo;achat d&rsquo;actions de la soci\u00e9t\u00e9 qui devrait acc\u00e9l\u00e9rer la croissance d&rsquo;une autre soci\u00e9t\u00e9 sur le march\u00e9 mondial.&nbsp;L&rsquo;usine de Zhuhai a re\u00e7u un nouveau nom : Zhuhai Vino \u2013 Cooper&amp;Hunter Environmental Technology Equipment Co. LTD.<\/p>\n\n\n\n<p>Nos produits fiables et de qualit\u00e9 sont certifi\u00e9s par la plupart des principales normes de test internationales aux \u00c9tats-Unis, au Canada et dans l&rsquo;Union europ\u00e9enne.&nbsp;Nous nous consacrons \u00e0 l&rsquo;innovation technologique et au d\u00e9veloppement de produits ax\u00e9s sur le consommateur.&nbsp;Notre \u00e9quipe R&amp;D continue de g\u00e9n\u00e9rer de nouveaux produits qui respectent les normes de qualit\u00e9 les plus \u00e9lev\u00e9es, fournissant des solutions de climatisation fiables, \u00e9conomes en \u00e9nergie et rentables.&nbsp;Au fur et \u00e0 mesure que nous mettons en \u0153uvre des innovations, nous prenons en compte les besoins des clients actuels ainsi que les tendances futures en mati\u00e8re d&rsquo;ing\u00e9nierie.&nbsp;Nous avons combin\u00e9 les derni\u00e8res conceptions ergonomiques \u00e9l\u00e9gantes avec le confort et la technologie moderne de haute qualit\u00e9.&nbsp;Nous nous concentrons sur l&rsquo;am\u00e9lioration constante et la fourniture du meilleur service possible.&nbsp;Nous nous engageons \u00e0 produire des produits de qualit\u00e9 qui am\u00e9liorent la vie de nos clients.<\/p>\n\n\n\n<p>Cooper&amp;Hunter rend les endroits chauds frais et les endroits frais plus agr\u00e9ables, apportant des INNOVATIONS CONFORTABLES \u00e0 chaque maison et entreprise.<\/p>\n<\/div>\n\n\n\n<div class=\"wp-block-column is-layout-flow wp-block-column-is-layout-flow\">\n<figure class=\"wp-block-image size-large is-resized\"><img loading=\"lazy\" decoding=\"async\" src=\"https:\/\/cooperhunter.ma\/wp-content\/uploads\/2023\/04\/2-762x1024.png\" alt=\"\" class=\"wp-image-525\" width=\"470\" height=\"631\" srcset=\"https:\/\/cooperhunter.ma\/wp-content\/uploads\/2023\/04\/2-762x1024.png 762w, https:\/\/cooperhunter.ma\/wp-content\/uploads\/2023\/04\/2-223x300.png 223w, https:\/\/cooperhunter.ma\/wp-content\/uploads\/2023\/04\/2-768x1032.png 768w, https:\/\/cooperhunter.ma\/wp-content\/uploads\/2023\/04\/2-1143x1536.png 1143w, https:\/\/cooperhunter.ma\/wp-content\/uploads\/2023\/04\/2-600x807.png 600w, https:\/\/cooperhunter.ma\/wp-content\/uploads\/2023\/04\/2.png 1313w\" sizes=\"auto, (max-width: 470px) 100vw, 470px\" \/><\/figure>\n<\/div>\n<\/div>\n\n\n\n<hr class=\"wp-block-separator has-alpha-channel-opacity\"\/>\n\n\n\n<br>\n\n\n\n<div class=\"wp-block-columns is-layout-flex wp-container-core-columns-is-layout-9d6595d7 wp-block-columns-is-layout-flex\">\n<div class=\"wp-block-column is-layout-flow wp-block-column-is-layout-flow\">\n<figure class=\"wp-block-image size-large is-resized\"><img loading=\"lazy\" decoding=\"async\" src=\"https:\/\/cooperhunter.ma\/wp-content\/uploads\/2023\/04\/c5-1024x687.png\" alt=\"\" class=\"wp-image-545\" width=\"572\" height=\"385\" srcset=\"https:\/\/cooperhunter.ma\/wp-content\/uploads\/2023\/04\/c5-1024x687.png 1024w, https:\/\/cooperhunter.ma\/wp-content\/uploads\/2023\/04\/c5-300x201.png 300w, https:\/\/cooperhunter.ma\/wp-content\/uploads\/2023\/04\/c5-768x515.png 768w, https:\/\/cooperhunter.ma\/wp-content\/uploads\/2023\/04\/c5-1536x1030.png 1536w, https:\/\/cooperhunter.ma\/wp-content\/uploads\/2023\/04\/c5-2048x1374.png 2048w, https:\/\/cooperhunter.ma\/wp-content\/uploads\/2023\/04\/c5-1320x885.png 1320w\" sizes=\"auto, (max-width: 572px) 100vw, 572px\" \/><\/figure>\n<\/div>\n\n\n\n<div class=\"wp-block-column is-layout-flow wp-block-column-is-layout-flow\">\n<h2 class=\"wp-block-heading\">NOTRE TECHNOLOGIE<\/h2>\n\n\n\n<p>Cooper&amp;Hunter se consacre \u00e0 l&rsquo;innovation technologique et au d\u00e9veloppement de produits ax\u00e9s sur le consommateur, g\u00e9n\u00e9rant des produits qui respectent les normes de qualit\u00e9 les plus \u00e9lev\u00e9es, fournissant des solutions de climatisation fiables, \u00e9conomes en \u00e9nergie et rentables.<\/p>\n\n\n\n<p>La majorit\u00e9 des \u00e9quipements CVC de Cooper&amp;Hunter sont fabriqu\u00e9s dans la principale usine de production en Chine, qui se caract\u00e9rise par le plus haut niveau de normes culturelles et industrielles.<\/p>\n\n\n\n<p>Notre \u00e9quipe de recherche et d\u00e9veloppement exceptionnelle d\u00e9tient une compr\u00e9hension compl\u00e8te&nbsp;&nbsp;des derni\u00e8res technologies&nbsp;&nbsp;de l&rsquo;industrie de la climatisation,&nbsp;&nbsp;y compris des installations de test exceptionnelles, o\u00f9 la norme de test EER de l&rsquo;usine est sup\u00e9rieure de 4% \u00e0 la norme nationale chinoise.&nbsp;Ces normes technologiques \u00e9lev\u00e9es correspondent \u00e0 l&rsquo;engagement de Cooper&amp;Hunter \u00e0 produire des produits de qualit\u00e9 qui am\u00e9liorent la vie des clients et cr\u00e9ent une valeur ajout\u00e9e tout en r\u00e9pondant aux besoins actuels des clients et en promouvant les futures tendances en mati\u00e8re d&rsquo;ing\u00e9nierie.<\/p>\n<\/div>\n<\/div>\n\n\n\n<hr class=\"wp-block-separator has-alpha-channel-opacity\"\/>\n\n\n\n<br>\n\n\n\n<div class=\"wp-block-columns is-layout-flex wp-container-core-columns-is-layout-9d6595d7 wp-block-columns-is-layout-flex\">\n<div class=\"wp-block-column is-layout-flow wp-block-column-is-layout-flow\">\n<h2 class=\"wp-block-heading\">COOPER&amp;HUNTER R\u00c9ALISATION<\/h2>\n\n\n\n<p>Le haut niveau de fiabilit\u00e9 des \u00e9quipements, les caract\u00e9ristiques uniques, la conception moderne et une large gamme de produits rendent les produits C&amp;H populaires dans de nombreux pays du monde.<\/p>\n\n\n\n<p>Atteindre la plus haute qualit\u00e9 de produits est l&rsquo;une des principales priorit\u00e9s de Cooper&amp;Hunter.<br>&#8211; moins de 0,2 % de r\u00e9clamations pour d\u00e9fauts<br>&#8211; Test \u00e0 100 % de tous les composants et contr\u00f4le fonctionnel complet<br>&#8211; Gaz \u00e9cologique R-410A<\/p>\n\n\n\n<p>Les normes de contr\u00f4le qualit\u00e9 de C&amp;H r\u00e9pondent aux exigences de l&rsquo;American Society of Heating, Refrigerating and Air-Conditioning Engineers (ASHRAE) et de l&rsquo;American Association of Engineers for Heating, Refrigeration and Air Conditioning.<\/p>\n<\/div>\n\n\n\n<div class=\"wp-block-column is-layout-flow wp-block-column-is-layout-flow\">\n<figure class=\"wp-block-image size-large\"><img loading=\"lazy\" decoding=\"async\" width=\"1024\" height=\"603\" src=\"https:\/\/cooperhunter.ma\/wp-content\/uploads\/2023\/04\/C2-1024x603.png\" alt=\"\" class=\"wp-image-541\" srcset=\"https:\/\/cooperhunter.ma\/wp-content\/uploads\/2023\/04\/C2-1024x603.png 1024w, https:\/\/cooperhunter.ma\/wp-content\/uploads\/2023\/04\/C2-300x177.png 300w, https:\/\/cooperhunter.ma\/wp-content\/uploads\/2023\/04\/C2-768x452.png 768w, https:\/\/cooperhunter.ma\/wp-content\/uploads\/2023\/04\/C2-1536x904.png 1536w, https:\/\/cooperhunter.ma\/wp-content\/uploads\/2023\/04\/C2-2048x1205.png 2048w, https:\/\/cooperhunter.ma\/wp-content\/uploads\/2023\/04\/C2-1320x777.png 1320w, https:\/\/cooperhunter.ma\/wp-content\/uploads\/2023\/04\/C2-600x353.png 600w\" sizes=\"auto, (max-width: 1024px) 100vw, 1024px\" \/><\/figure>\n<\/div>\n<\/div>\n","protected":false},"excerpt":{"rendered":"<p>HISTOIRE DE COOPER&amp;HUNTER Avec plus de 20 ans d&rsquo;exp\u00e9rience dans la climatisation et la ventilation, Cooper&amp;Hunter est devenu un acteur de premier plan sur le march\u00e9 du CVC.&nbsp;Les produits sous la marque Cooper&amp;Hunter sont export\u00e9s dans plus de 50 pays et r\u00e9gions du monde.&nbsp;Depuis son implication sur les march\u00e9s \u00e9trangers, Cooper&amp;Hunter est devenue une marque [&hellip;]<\/p>\n","protected":false},"author":1,"featured_media":0,"parent":0,"menu_order":0,"comment_status":"closed","ping_status":"closed","template":"","meta":{"footnotes":""},"class_list":["post-520","page","type-page","status-publish","hentry"],"yoast_head":"<!-- This site is optimized with the Yoast SEO plugin v20.4 - https:\/\/yoast.com\/wordpress\/plugins\/seo\/ -->\n<title>\u00c0 propos - Cooper &amp; Hunter<\/title>\n<meta name=\"robots\" content=\"index, follow, max-snippet:-1, max-image-preview:large, max-video-preview:-1\" \/>\n<link rel=\"canonical\" href=\"https:\/\/cooperhunter.ma\/?page_id=520\" \/>\n<meta property=\"og:locale\" content=\"fr_FR\" \/>\n<meta property=\"og:type\" content=\"article\" \/>\n<meta property=\"og:title\" content=\"\u00c0 propos - Cooper &amp; Hunter\" \/>\n<meta property=\"og:description\" content=\"HISTOIRE DE COOPER&amp;HUNTER Avec plus de 20 ans d&rsquo;exp\u00e9rience dans la climatisation et la ventilation, Cooper&amp;Hunter est devenu un acteur de premier plan sur le march\u00e9 du CVC.&nbsp;Les produits sous la marque Cooper&amp;Hunter sont export\u00e9s dans plus de 50 pays et r\u00e9gions du monde.&nbsp;Depuis son implication sur les march\u00e9s \u00e9trangers, Cooper&amp;Hunter est devenue une marque [&hellip;]\" \/>\n<meta property=\"og:url\" content=\"https:\/\/cooperhunter.ma\/?page_id=520\" \/>\n<meta property=\"og:site_name\" content=\"Cooper &amp; Hunter\" \/>\n<meta property=\"article:modified_time\" content=\"2023-04-05T13:56:55+00:00\" \/>\n<meta property=\"og:image\" content=\"https:\/\/cooperhunter.ma\/wp-content\/uploads\/2023\/04\/2-762x1024.png\" \/>\n<meta name=\"twitter:card\" content=\"summary_large_image\" \/>\n<meta name=\"twitter:label1\" content=\"Dur\u00e9e de lecture estim\u00e9e\" \/>\n\t<meta name=\"twitter:data1\" content=\"3 minutes\" \/>\n<script type=\"application\/ld+json\" class=\"yoast-schema-graph\">{\"@context\":\"https:\/\/schema.org\",\"@graph\":[{\"@type\":\"WebPage\",\"@id\":\"https:\/\/cooperhunter.ma\/?page_id=520\",\"url\":\"https:\/\/cooperhunter.ma\/?page_id=520\",\"name\":\"\u00c0 propos - Cooper &amp; Hunter\",\"isPartOf\":{\"@id\":\"https:\/\/cooperhunter.ma\/#website\"},\"datePublished\":\"2023-04-04T15:37:44+00:00\",\"dateModified\":\"2023-04-05T13:56:55+00:00\",\"breadcrumb\":{\"@id\":\"https:\/\/cooperhunter.ma\/?page_id=520#breadcrumb\"},\"inLanguage\":\"fr-FR\",\"potentialAction\":[{\"@type\":\"ReadAction\",\"target\":[\"https:\/\/cooperhunter.ma\/?page_id=520\"]}]},{\"@type\":\"BreadcrumbList\",\"@id\":\"https:\/\/cooperhunter.ma\/?page_id=520#breadcrumb\",\"itemListElement\":[{\"@type\":\"ListItem\",\"position\":1,\"name\":\"Accueil\",\"item\":\"https:\/\/cooperhunter.ma\/\"},{\"@type\":\"ListItem\",\"position\":2,\"name\":\"\u00c0 propos\"}]},{\"@type\":\"WebSite\",\"@id\":\"https:\/\/cooperhunter.ma\/#website\",\"url\":\"https:\/\/cooperhunter.ma\/\",\"name\":\"Cooper &amp; Hunter\",\"description\":\"Climatisation Maroc\",\"publisher\":{\"@id\":\"https:\/\/cooperhunter.ma\/#organization\"},\"alternateName\":\"C&H - Climatiseurs Maroc\",\"potentialAction\":[{\"@type\":\"SearchAction\",\"target\":{\"@type\":\"EntryPoint\",\"urlTemplate\":\"https:\/\/cooperhunter.ma\/?s={search_term_string}\"},\"query-input\":\"required name=search_term_string\"}],\"inLanguage\":\"fr-FR\"},{\"@type\":\"Organization\",\"@id\":\"https:\/\/cooperhunter.ma\/#organization\",\"name\":\"Cooper & Hunter\",\"alternateName\":\"Cooper & Hunter\",\"url\":\"https:\/\/cooperhunter.ma\/\",\"logo\":{\"@type\":\"ImageObject\",\"inLanguage\":\"fr-FR\",\"@id\":\"https:\/\/cooperhunter.ma\/#\/schema\/logo\/image\/\",\"url\":\"https:\/\/cooperhunter.ma\/wp-content\/uploads\/2023\/03\/cropped-CH-LOGO-Q.png\",\"contentUrl\":\"https:\/\/cooperhunter.ma\/wp-content\/uploads\/2023\/03\/cropped-CH-LOGO-Q.png\",\"width\":1999,\"height\":938,\"caption\":\"Cooper & Hunter\"},\"image\":{\"@id\":\"https:\/\/cooperhunter.ma\/#\/schema\/logo\/image\/\"}}]}<\/script>\n<!-- \/ Yoast SEO plugin. -->","yoast_head_json":{"title":"\u00c0 propos - Cooper &amp; Hunter","robots":{"index":"index","follow":"follow","max-snippet":"max-snippet:-1","max-image-preview":"max-image-preview:large","max-video-preview":"max-video-preview:-1"},"canonical":"https:\/\/cooperhunter.ma\/?page_id=520","og_locale":"fr_FR","og_type":"article","og_title":"\u00c0 propos - Cooper &amp; Hunter","og_description":"HISTOIRE DE COOPER&amp;HUNTER Avec plus de 20 ans d&rsquo;exp\u00e9rience dans la climatisation et la ventilation, Cooper&amp;Hunter est devenu un acteur de premier plan sur le march\u00e9 du CVC.&nbsp;Les produits sous la marque Cooper&amp;Hunter sont export\u00e9s dans plus de 50 pays et r\u00e9gions du monde.&nbsp;Depuis son implication sur les march\u00e9s \u00e9trangers, Cooper&amp;Hunter est devenue une marque [&hellip;]","og_url":"https:\/\/cooperhunter.ma\/?page_id=520","og_site_name":"Cooper &amp; Hunter","article_modified_time":"2023-04-05T13:56:55+00:00","og_image":[{"url":"https:\/\/cooperhunter.ma\/wp-content\/uploads\/2023\/04\/2-762x1024.png"}],"twitter_card":"summary_large_image","twitter_misc":{"Dur\u00e9e de lecture estim\u00e9e":"3 minutes"},"schema":{"@context":"https:\/\/schema.org","@graph":[{"@type":"WebPage","@id":"https:\/\/cooperhunter.ma\/?page_id=520","url":"https:\/\/cooperhunter.ma\/?page_id=520","name":"\u00c0 propos - Cooper &amp; Hunter","isPartOf":{"@id":"https:\/\/cooperhunter.ma\/#website"},"datePublished":"2023-04-04T15:37:44+00:00","dateModified":"2023-04-05T13:56:55+00:00","breadcrumb":{"@id":"https:\/\/cooperhunter.ma\/?page_id=520#breadcrumb"},"inLanguage":"fr-FR","potentialAction":[{"@type":"ReadAction","target":["https:\/\/cooperhunter.ma\/?page_id=520"]}]},{"@type":"BreadcrumbList","@id":"https:\/\/cooperhunter.ma\/?page_id=520#breadcrumb","itemListElement":[{"@type":"ListItem","position":1,"name":"Accueil","item":"https:\/\/cooperhunter.ma\/"},{"@type":"ListItem","position":2,"name":"\u00c0 propos"}]},{"@type":"WebSite","@id":"https:\/\/cooperhunter.ma\/#website","url":"https:\/\/cooperhunter.ma\/","name":"Cooper &amp; Hunter","description":"Climatisation Maroc","publisher":{"@id":"https:\/\/cooperhunter.ma\/#organization"},"alternateName":"C&H - Climatiseurs Maroc","potentialAction":[{"@type":"SearchAction","target":{"@type":"EntryPoint","urlTemplate":"https:\/\/cooperhunter.ma\/?s={search_term_string}"},"query-input":"required name=search_term_string"}],"inLanguage":"fr-FR"},{"@type":"Organization","@id":"https:\/\/cooperhunter.ma\/#organization","name":"Cooper & Hunter","alternateName":"Cooper & Hunter","url":"https:\/\/cooperhunter.ma\/","logo":{"@type":"ImageObject","inLanguage":"fr-FR","@id":"https:\/\/cooperhunter.ma\/#\/schema\/logo\/image\/","url":"https:\/\/cooperhunter.ma\/wp-content\/uploads\/2023\/03\/cropped-CH-LOGO-Q.png","contentUrl":"https:\/\/cooperhunter.ma\/wp-content\/uploads\/2023\/03\/cropped-CH-LOGO-Q.png","width":1999,"height":938,"caption":"Cooper & Hunter"},"image":{"@id":"https:\/\/cooperhunter.ma\/#\/schema\/logo\/image\/"}}]}},"_links":{"self":[{"href":"https:\/\/cooperhunter.ma\/index.php?rest_route=\/wp\/v2\/pages\/520","targetHints":{"allow":["GET"]}}],"collection":[{"href":"https:\/\/cooperhunter.ma\/index.php?rest_route=\/wp\/v2\/pages"}],"about":[{"href":"https:\/\/cooperhunter.ma\/index.php?rest_route=\/wp\/v2\/types\/page"}],"author":[{"embeddable":true,"href":"https:\/\/cooperhunter.ma\/index.php?rest_route=\/wp\/v2\/users\/1"}],"replies":[{"embeddable":true,"href":"https:\/\/cooperhunter.ma\/index.php?rest_route=%2Fwp%2Fv2%2Fcomments&post=520"}],"version-history":[{"count":30,"href":"https:\/\/cooperhunter.ma\/index.php?rest_route=\/wp\/v2\/pages\/520\/revisions"}],"predecessor-version":[{"id":557,"href":"https:\/\/cooperhunter.ma\/index.php?rest_route=\/wp\/v2\/pages\/520\/revisions\/557"}],"wp:attachment":[{"href":"https:\/\/cooperhunter.ma\/index.php?rest_route=%2Fwp%2Fv2%2Fmedia&parent=520"}],"curies":[{"name":"wp","href":"https:\/\/api.w.org\/{rel}","templated":true}]}}